{"id":885,"date":"2020-03-02T18:50:16","date_gmt":"2020-03-02T18:50:16","guid":{"rendered":"http:\/\/colegiosanmarcelo.com.ar\/esp\/?page_id=885"},"modified":"2023-07-04T14:27:49","modified_gmt":"2023-07-04T14:27:49","slug":"pastoral-primario","status":"publish","type":"page","link":"http:\/\/colegiosanmarcelo.com.ar\/esp\/pastoral-primario\/","title":{"rendered":"Pastoral &#8211; Primario"},"content":{"rendered":"<p>[vc_row full_width=&#8221;stretch_row_content_no_spaces&#8221;][vc_column]<style>.shortcode_getbowtied_slider .shortcode-slider-pagination .swiper-pagination-bullet.swiper-pagination-bullet-active:after{background-color: #000000;}<\/style>\n\n\t\t<div class=\"shortcode_getbowtied_slider swiper-container swiper-69eb56f16c87b \" style=\"height:750px; width: 100%\" data-autoplay=\"10\" data-id=\"69eb56f16c87b\">\n\t\t\t<div class=\"swiper-wrapper\">\n\t\t\t\n\t\t\t<div class=\"swiper-slide left-align\"\n\t\t\tstyle=\t\"background: #CCCCCC url(http:\/\/colegiosanmarcelo.com.ar\/esp\/wp-content\/uploads\/2022\/04\/WhatsApp-Image-2022-04-21-at-08.25.56.jpeg) center center no-repeat ;\n\t\t\t\t\t-webkit-background-size: cover;\n\t\t\t\t\t-moz-background-size: cover;\n\t\t\t\t\t-o-background-size: cover;\n\t\t\t\t\tbackground-size: cover;\n\t\t\t\t\tcolor: #3262f2\">\n\t\t\t\t\n\t\t\t\t<div class=\"slider-content\" data-swiper-parallax=\"-50%\">\n\t\t\t\t\t<div class=\"slider-content-wrapper\">\n\t\t\t\t\t\t<h2 class=\"primary_font\" style=\"color:#3262f2;font-size:40px;line-height: 40px\">TENGAN LOS MISMOS SENTIMIENTOS QUE CRISTO JES\u00daS.<\/h2>\n\t\t\t\t\t\t<p class=\"secondary_font\" style=\"color:#3262f2;font-size:20px;line-height: 20px\">Pastoral Nivel Primario<\/p>\n\t\t\t\t\t\t\n\t\t\t\t\t<\/div>\n\t\t\t\t<\/div>\n\t\t\t<\/div>\n\t\t\t<div class=\"swiper-slide left-align\"\n\t\t\tstyle=\t\"background: #CCCCCC url(http:\/\/colegiosanmarcelo.com.ar\/esp\/wp-content\/uploads\/2022\/04\/WhatsApp-Image-2022-04-25-at-11.51.25.jpeg) center center no-repeat ;\n\t\t\t\t\t-webkit-background-size: cover;\n\t\t\t\t\t-moz-background-size: cover;\n\t\t\t\t\t-o-background-size: cover;\n\t\t\t\t\tbackground-size: cover;\n\t\t\t\t\tcolor: #3262f2\">\n\t\t\t\t\n\t\t\t\t<div class=\"slider-content\" data-swiper-parallax=\"-50%\">\n\t\t\t\t\t<div class=\"slider-content-wrapper\">\n\t\t\t\t\t\t<h2 class=\"primary_font\" style=\"color:#3262f2;font-size:40px;line-height: 40px\">TENGAN LOS MISMOS SENTIMIENTOS QUE CRISTO JES\u00daS.<\/h2>\n\t\t\t\t\t\t<p class=\"secondary_font\" style=\"color:#3262f2;font-size:20px;line-height: 20px\">Pastoral Nivel Primario<\/p>\n\t\t\t\t\t\t\n\t\t\t\t\t<\/div>\n\t\t\t\t<\/div>\n\t\t\t<\/div>\n\t\t\t<\/div><\/div>[\/vc_column][\/vc_row][vc_row full_width=&#8221;stretch_row_content_no_spaces&#8221; css=&#8221;.vc_custom_1574871999519{margin-top: -40px !important;padding-top: -20px !important;padding-bottom: -20px !important;background-color: #f6f5f0 !important;}&#8221;][vc_column width=&#8221;1\/6&#8243;][\/vc_column][vc_column width=&#8221;2\/3&#8243; css=&#8221;.vc_custom_1574872035641{padding-top: -20px !important;padding-bottom: -20px !important;}&#8221;][vc_row_inner css=&#8221;.vc_custom_1577380327331{margin-top: 50px !important;}&#8221;][vc_column_inner]\n\t<div class=\"row\">\n    <div class=\"from-the-blog-wrapper\">\n\n        <div class=\"from-the-blog swiper-container swiper-69eb56f16e081\" data-id=\"69eb56f16e081\">\n\t        <div class=\"swiper-wrapper\">\n\n\t\t\t\t\n\t        <\/div>\n\n\t        <div class=\"swiper-pagination\"><\/div>\n\n        <\/div>\n\n\t<\/div>\n    <\/div>\n\n\t[\/vc_column_inner][\/vc_row_inner][\/vc_column][vc_column width=&#8221;1\/6&#8243;][\/vc_column][\/vc_row][vc_row full_width=&#8221;stretch_row_content&#8221; css=&#8221;.vc_custom_1575655940093{padding-top: 50px !important;padding-bottom: 50px !important;background-position: center !important;background-repeat: no-repeat !important;background-size: cover !important;}&#8221; el_id=&#8221;actividades&#8221;][vc_column width=&#8221;1\/6&#8243;][\/vc_column][vc_column width=&#8221;2\/3&#8243;][vc_row_inner][vc_column_inner width=&#8221;1\/3&#8243; css=&#8221;.vc_custom_1580923420116{padding-top: 60px !important;}&#8221;][vc_column_text]<\/p>\n<h3>Desde Pastoral en el Nivel Primario nos abocamos a reflexionar y acompa\u00f1ar generando espacios compartidos para explorar su interioridad a trav\u00e9s del silencio, la escucha, la contemplaci\u00f3n y la celebraci\u00f3n, para recibir cada d\u00eda la Palabra de Dios y fortalecer\u00a0 nuestros valores cristianos.<\/h3>\n<p>[\/vc_column_text][\/vc_column_inner][vc_column_inner width=&#8221;2\/3&#8243;][vc_column_text]<img decoding=\"async\" loading=\"lazy\" class=\"alignnone size-large wp-image-3796\" src=\"http:\/\/colegiosanmarcelo.com.ar\/esp\/wp-content\/uploads\/2022\/04\/WhatsApp-Image-2022-04-25-at-11.51.23-1024x576.jpeg\" alt=\"\" width=\"900\" height=\"506\" srcset=\"http:\/\/colegiosanmarcelo.com.ar\/esp\/wp-content\/uploads\/2022\/04\/WhatsApp-Image-2022-04-25-at-11.51.23-1024x576.jpeg 1024w, http:\/\/colegiosanmarcelo.com.ar\/esp\/wp-content\/uploads\/2022\/04\/WhatsApp-Image-2022-04-25-at-11.51.23-300x169.jpeg 300w, http:\/\/colegiosanmarcelo.com.ar\/esp\/wp-content\/uploads\/2022\/04\/WhatsApp-Image-2022-04-25-at-11.51.23-768x432.jpeg 768w, http:\/\/colegiosanmarcelo.com.ar\/esp\/wp-content\/uploads\/2022\/04\/WhatsApp-Image-2022-04-25-at-11.51.23-600x338.jpeg 600w, http:\/\/colegiosanmarcelo.com.ar\/esp\/wp-content\/uploads\/2022\/04\/WhatsApp-Image-2022-04-25-at-11.51.23.jpeg 1280w\" sizes=\"(max-width: 900px) 100vw, 900px\" \/>[\/vc_column_text][\/vc_column_inner][\/vc_row_inner][\/vc_column][vc_column width=&#8221;1\/6&#8243;][\/vc_column][\/vc_row][vc_row full_width=&#8221;stretch_row_content&#8221; css=&#8221;.vc_custom_1574873898109{background-image: url(http:\/\/colegiosanmarcelo.com.ar\/esp\/wp-content\/uploads\/2019\/11\/EXTERIOR5-baja-1.jpg?id=326) !important;background-position: center !important;background-repeat: no-repeat !important;background-size: cover !important;}&#8221; el_id=&#8221;contacto&#8221;][vc_column width=&#8221;1\/6&#8243;][\/vc_column][vc_column width=&#8221;2\/3&#8243;][vc_empty_space height=&#8221;35&#8243;][vc_custom_heading text=&#8221;Contacto&#8221; font_container=&#8221;tag:h2|text_align:center|color:%23232323&#8243; google_fonts=&#8221;font_family:Roboto%3A100%2C100italic%2C300%2C300italic%2Cregular%2Citalic%2C500%2C500italic%2C700%2C700italic%2C900%2C900italic|font_style:900%20bold%20regular%3A900%3Anormal&#8221;][vc_empty_space height=&#8221;10&#8243;][vc_column_text]<\/p>\n<p style=\"text-align: center;\"><span style=\"color: #333333; font-size: 28px;\">Escribinos, visitanos o llamanos.<\/span><\/p>\n<p>[\/vc_column_text][vc_empty_space height=&#8221;10&#8243;][vc_row_inner][vc_column_inner width=&#8221;2\/3&#8243;][vc_gmaps link=&#8221;#E-8_JTNDaWZyYW1lJTIwc3JjJTNEJTIyaHR0cHMlM0ElMkYlMkZ3d3cuZ29vZ2xlLmNvbSUyRm1hcHMlMkZlbWJlZCUzRnBiJTNEJTIxMW0xOCUyMTFtMTIlMjExbTMlMjExZDI2ODQuMzU3OTkwNDM1NjM1NyUyMTJkLTU4LjYzOTAzNzg3MjI2NTg3JTIxM2QtMzQuNDk4MjgzMzc0MDU0NTQ0JTIxMm0zJTIxMWYwJTIxMmYwJTIxM2YwJTIxM20yJTIxMWkxMDI0JTIxMmk3NjglMjE0ZjEzLjElMjEzbTMlMjExbTIlMjExczB4OTViY2JiNTEzMWJiNDdhZiUyNTNBMHhhOWI1YWZjZTY0YzY4MTAyJTIxMnNDb2xlZ2lvJTI1MjBQYXJyb3F1aWFsJTI1MjBTYW4lMjUyME1hcmNlbG8lMjE1ZTAlMjEzbTIlMjExc2VzLTQxOSUyMTJzYXIlMjE0djE1NzAyMTU0MDkzOTMlMjE1bTIlMjExc2VzLTQxOSUyMTJzYXIlMjIlMjB3aWR0aCUzRCUyMjYwMCUyMiUyMGhlaWdodCUzRCUyMjQ1MCUyMiUyMGZyYW1lYm9yZGVyJTNEJTIyMCUyMiUyMHN0eWxlJTNEJTIyYm9yZGVyJTNBMCUzQiUyMiUyMGFsbG93ZnVsbHNjcmVlbiUzRCUyMiUyMiUzRSUzQyUyRmlmcmFtZSUzRQ==&#8221;][\/vc_column_inner][vc_column_inner width=&#8221;1\/3&#8243;]\n<div class=\"wpcf7 no-js\" id=\"wpcf7-f21-o1\" lang=\"en-US\" dir=\"ltr\">\n<div class=\"screen-reader-response\"><p role=\"status\" aria-live=\"polite\" aria-atomic=\"true\"><\/p> <ul><\/ul><\/div>\n<form action=\"\/esp\/wp-json\/wp\/v2\/pages\/885#wpcf7-f21-o1\" method=\"post\" class=\"wpcf7-form init\" aria-label=\"Contact form\" novalidate=\"novalidate\" data-status=\"init\">\n<div style=\"display: none;\">\n<input type=\"hidden\" name=\"_wpcf7\" value=\"21\" \/>\n<input type=\"hidden\" name=\"_wpcf7_version\" value=\"5.9.8\" \/>\n<input type=\"hidden\" name=\"_wpcf7_locale\" value=\"en_US\" \/>\n<input type=\"hidden\" name=\"_wpcf7_unit_tag\" value=\"wpcf7-f21-o1\" \/>\n<input type=\"hidden\" name=\"_wpcf7_container_post\" value=\"0\" \/>\n<input type=\"hidden\" name=\"_wpcf7_posted_data_hash\" value=\"\" \/>\n<input type=\"hidden\" name=\"_wpcf7cf_hidden_group_fields\" value=\"[]\" \/>\n<input type=\"hidden\" name=\"_wpcf7cf_hidden_groups\" value=\"[]\" \/>\n<input type=\"hidden\" name=\"_wpcf7cf_visible_groups\" value=\"[]\" \/>\n<input type=\"hidden\" name=\"_wpcf7cf_repeaters\" value=\"[]\" \/>\n<input type=\"hidden\" name=\"_wpcf7cf_steps\" value=\"{}\" \/>\n<input type=\"hidden\" name=\"_wpcf7cf_options\" value=\"{&quot;form_id&quot;:21,&quot;conditions&quot;:[],&quot;settings&quot;:{&quot;animation&quot;:&quot;yes&quot;,&quot;animation_intime&quot;:200,&quot;animation_outtime&quot;:200,&quot;conditions_ui&quot;:&quot;normal&quot;,&quot;notice_dismissed&quot;:false}}\" \/>\n<\/div>\n<p><span class=\"wpcf7-form-control-wrap\" data-name=\"your-name\"><input size=\"40\" maxlength=\"400\" class=\"wpcf7-form-control wpcf7-text wpcf7-validates-as-required\" aria-required=\"true\" aria-invalid=\"false\" placeholder=\"NOMBRE Y APELLIDO*\" value=\"\" type=\"text\" name=\"your-name\" \/><\/span>\n<\/p>\n<p><span class=\"wpcf7-form-control-wrap\" data-name=\"your-email\"><input size=\"40\" maxlength=\"400\" class=\"wpcf7-form-control wpcf7-email wpcf7-validates-as-required wpcf7-text wpcf7-validates-as-email\" aria-required=\"true\" aria-invalid=\"false\" placeholder=\"EMAIL*\" value=\"\" type=\"email\" name=\"your-email\" \/><\/span>\n<\/p>\n<p><span class=\"wpcf7-form-control-wrap\" data-name=\"your-subject\"><input size=\"40\" maxlength=\"400\" class=\"wpcf7-form-control wpcf7-text\" aria-invalid=\"false\" placeholder=\"ASUNTO*\" value=\"\" type=\"text\" name=\"your-subject\" \/><\/span>\n<\/p>\n<p><span class=\"wpcf7-form-control-wrap\" data-name=\"your-message\"><textarea cols=\"40\" rows=\"10\" maxlength=\"2000\" class=\"wpcf7-form-control wpcf7-textarea\" aria-invalid=\"false\" placeholder=\"MENSAJE*\" name=\"your-message\"><\/textarea><\/span>\n<\/p>\n<div id=\"cf7sr-69eb56f17162c\" class=\"cf7sr-g-recaptcha\" data-theme=\"light\" data-type=\"image\" data-size=\"normal\" data-sitekey=\"6LcKy-MnAAAAAC8UZS-oUC5PD2YaifDATTJqI6wf\"><\/div><span class=\"wpcf7-form-control-wrap cf7sr-recaptcha\" data-name=\"cf7sr-recaptcha\"><input type=\"hidden\" name=\"cf7sr-recaptcha\" value=\"\" class=\"wpcf7-form-control\"><\/span>\n<\/p>\n<p><input class=\"wpcf7-form-control wpcf7-submit has-spinner\" type=\"submit\" value=\"ENVIAR\" \/>\n<\/p><div class=\"wpcf7-response-output\" aria-hidden=\"true\"><\/div>\n<\/form>\n<\/div>\n[\/vc_column_inner][\/vc_row_inner][vc_empty_space height=&#8221;35&#8243;][\/vc_column][vc_column width=&#8221;1\/6&#8243;][\/vc_column][\/vc_row][vc_row css=&#8221;.vc_custom_1573582200546{background-color: #21aad3 !important;}&#8221;][vc_column width=&#8221;1\/6&#8243;][\/vc_column][vc_column width=&#8221;2\/3&#8243;][vc_empty_space height=&#8221;15&#8243;][vc_row_inner][vc_column_inner el_class=&#8221;horario&#8221; width=&#8221;1\/4&#8243;][vc_column_text]<\/p>\n<h3><span style=\"color: #ffffff;\">Nivel Inicial<\/span><\/h3>\n<p><span style=\"color: #ffffff;\">TM Jard\u00edn: 7.40 a 12.05 horas<\/span><br \/>\n<span style=\"color: #ffffff;\">TT Jard\u00edn: 12.40 a 17.05 horas<\/span><br \/>\n<span style=\"color: #ffffff;\">TM Maternal: 7.45 a 12.00 hs<\/span><br \/>\n<span style=\"color: #ffffff;\">TT Maternal: 12.45 a 17.00 hs<\/span><\/p>\n<p><span style=\"color: #ffffff;\">jardinsanmarcelo@hotmail.com<\/span>[\/vc_column_text][\/vc_column_inner][vc_column_inner width=&#8221;1\/4&#8243;][vc_column_text]<\/p>\n<h3><span style=\"color: #ffffff;\">Nivel Primario<\/span><\/h3>\n<p><span style=\"color: #ffffff;\">Turno ma\u00f1ana: 7.40 hs a 12.20 hs.<\/span><br \/>\n<span style=\"color: #ffffff;\">Turno tarde: 12.45 hs. a 17.15 hs<\/span><\/p>\n<p><span style=\"color: #ffffff;\">Se permitir\u00e1 el ingreso de los alumnos a partir de las 7.25 hs (TM) y 12.30 hs. (TT) respectivamente con presencia del docente a cargo.<\/span><\/p>\n<p><span style=\"color: #ffffff;\">sanmarceloprimaria@gmail.com<\/span>[\/vc_column_text][\/vc_column_inner][vc_column_inner width=&#8221;1\/4&#8243;][vc_column_text]<\/p>\n<h3><span style=\"color: #ffffff;\">Nivel Secundario<\/span><\/h3>\n<p><span style=\"color: #ffffff;\">Turno ma\u00f1ana<\/span><br \/>\n<span style=\"color: #ffffff;\">Entrada: 7.35 hs<\/span><br \/>\n<span style=\"color: #ffffff;\">Salida: 12:05 hs \/ 13:30 hs \/ 14:30 hs<\/span><\/p>\n<p><span style=\"color: #ffffff;\">nivelsecundario@colegiosanmarcelo.com.ar<\/span>[\/vc_column_text][\/vc_column_inner][vc_column_inner width=&#8221;1\/4&#8243;][vc_column_text]<\/p>\n<h3><span style=\"color: #ffffff;\">Horario Secretar\u00eda<\/span><\/h3>\n<p><span style=\"color: #ffffff;\">Turno ma\u00f1ana: 7.30 a 9.00 hs y de 11.00 hs a 12.00hs<\/span><br \/>\n<span style=\"color: #ffffff;\">Turno tarde: 12:45 hs a 14:00 hs y de 16.00 hs a 17.00 hs hs<\/span>[\/vc_column_text][\/vc_column_inner][\/vc_row_inner][\/vc_column][vc_column width=&#8221;1\/6&#8243;][\/vc_column][\/vc_row][vc_row full_width=&#8221;stretch_row_content&#8221; css=&#8221;.vc_custom_1570821174783{background-image: url(http:\/\/colegiosanmarcelo.com.ar\/esp\/wp-content\/uploads\/2019\/10\/bg-header-01-2.jpg?id=101) !important;background-position: center !important;background-repeat: no-repeat !important;background-size: cover !important;}&#8221; el_id=&#8221;pieConDatos&#8221;][vc_column][vc_column_text]<\/p>\n<p style=\"text-align: center;\"><span style=\"color: #ffffff;\">Av. Alvear 746 &#8211; Don Torcuato &#8211; Provincia de Buenos Aires<\/span><br \/>\n<span style=\"color: #ffffff;\">Tel\u00e9fonos: 4513-2477\/ 4513-2478 \/4513-2479<\/span><\/p>\n<p>[\/vc_column_text][\/vc_column][\/vc_row]<\/p>\n","protected":false},"excerpt":{"rendered":"<p>[vc_row full_width=&#8221;stretch_row_content_no_spaces&#8221;][vc_column][\/vc_column][\/vc_row][vc_row full_width=&#8221;stretch_row_content_no_spaces&#8221; css=&#8221;.vc_custom_1574871999519{margin-top: -40px !important;padding-top: -20px !important;padding-bottom: -20px !important;background-color: #f6f5f0 !important;}&#8221;][vc_column width=&#8221;1\/6&#8243;][\/vc_column][vc_column width=&#8221;2\/3&#8243; css=&#8221;.vc_custom_1574872035641{padding-top: -20px !important;padding-bottom: -20px !important;}&#8221;][vc_row_inner css=&#8221;.vc_custom_1577380327331{margin-top: 50px !important;}&#8221;][vc_column_inner][\/vc_column_inner][\/vc_row_inner][\/vc_column][vc_column width=&#8221;1\/6&#8243;][\/vc_column][\/vc_row][vc_row full_width=&#8221;stretch_row_content&#8221; css=&#8221;.vc_custom_1575655940093{padding-top: 50px !important;padding-bottom: 50px !important;background-position: center !important;background-repeat: no-repeat !important;background-size: cover !important;}&#8221; el_id=&#8221;actividades&#8221;][vc_column width=&#8221;1\/6&#8243;][\/vc_column][vc_column width=&#8221;2\/3&#8243;][vc_row_inner][vc_column_inner width=&#8221;1\/3&#8243; css=&#8221;.vc_custom_1580923420116{padding-top: 60px !important;}&#8221;][vc_column_text] Desde Pastoral en el Nivel Primario nos abocamos a reflexionar y acompa\u00f1ar generando [&hellip;]<\/p>\n","protected":false},"author":1,"featured_media":0,"parent":0,"menu_order":0,"comment_status":"closed","ping_status":"closed","template":"page-full-width.php","meta":{"pgc_meta":"","footnotes":""},"pgc_meta":"","_links":{"self":[{"href":"http:\/\/colegiosanmarcelo.com.ar\/esp\/wp-json\/wp\/v2\/pages\/885"}],"collection":[{"href":"http:\/\/colegiosanmarcelo.com.ar\/esp\/wp-json\/wp\/v2\/pages"}],"about":[{"href":"http:\/\/colegiosanmarcelo.com.ar\/esp\/wp-json\/wp\/v2\/types\/page"}],"author":[{"embeddable":true,"href":"http:\/\/colegiosanmarcelo.com.ar\/esp\/wp-json\/wp\/v2\/users\/1"}],"replies":[{"embeddable":true,"href":"http:\/\/colegiosanmarcelo.com.ar\/esp\/wp-json\/wp\/v2\/comments?post=885"}],"version-history":[{"count":10,"href":"http:\/\/colegiosanmarcelo.com.ar\/esp\/wp-json\/wp\/v2\/pages\/885\/revisions"}],"predecessor-version":[{"id":4527,"href":"http:\/\/colegiosanmarcelo.com.ar\/esp\/wp-json\/wp\/v2\/pages\/885\/revisions\/4527"}],"wp:attachment":[{"href":"http:\/\/colegiosanmarcelo.com.ar\/esp\/wp-json\/wp\/v2\/media?parent=885"}],"curies":[{"name":"wp","href":"https:\/\/api.w.org\/{rel}","templated":true}]}}