{"id":444,"date":"2019-12-05T19:21:52","date_gmt":"2019-12-05T19:21:52","guid":{"rendered":"http:\/\/colegiosanmarcelo.com.ar\/esp\/?page_id=444"},"modified":"2023-06-29T14:42:47","modified_gmt":"2023-06-29T14:42:47","slug":"institucional","status":"publish","type":"page","link":"http:\/\/colegiosanmarcelo.com.ar\/esp\/institucional\/","title":{"rendered":"institucional"},"content":{"rendered":"<p>[vc_row full_width=&#8221;stretch_row_content_no_spaces&#8221;][vc_column]<style>.shortcode_getbowtied_slider .shortcode-slider-pagination .swiper-pagination-bullet.swiper-pagination-bullet-active:after{background-color: #000000;}<\/style>\n\n\t\t<div class=\"shortcode_getbowtied_slider swiper-container swiper-69f8a2d07622f \" style=\"height:750px; width: 100%\" data-autoplay=\"10\" data-id=\"69f8a2d07622f\">\n\t\t\t<div class=\"swiper-wrapper\">\n\t\t\t\n\t\t\t<div class=\"swiper-slide left-align\"\n\t\t\tstyle=\t\"background: #CCCCCC url(http:\/\/colegiosanmarcelo.com.ar\/esp\/wp-content\/uploads\/2020\/02\/WhatsApp-Image-2020-01-30-at-20.31.30.jpeg) center center no-repeat ;\n\t\t\t\t\t-webkit-background-size: cover;\n\t\t\t\t\t-moz-background-size: cover;\n\t\t\t\t\t-o-background-size: cover;\n\t\t\t\t\tbackground-size: cover;\n\t\t\t\t\tcolor: #d10065\">\n\t\t\t\t\n\t\t\t\t<div class=\"slider-content\" data-swiper-parallax=\"-50%\">\n\t\t\t\t\t<div class=\"slider-content-wrapper\">\n\t\t\t\t\t\t<h2 class=\"primary_font\" style=\"color:#d10065;font-size:50px;line-height: 50px\">Una instituci\u00f3n<\/h2>\n\t\t\t\t\t\t<p class=\"primary_font\" style=\"color:#d10065;font-size:20px;line-height: 20px\">con muchos a\u00f1os y todo por dar y crecer.<\/p>\n\t\t\t\t\t\t\n\t\t\t\t\t<\/div>\n\t\t\t\t<\/div>\n\t\t\t<\/div>\n\t\t\t<div class=\"swiper-slide left-align\"\n\t\t\tstyle=\t\"background: #CCCCCC url(http:\/\/colegiosanmarcelo.com.ar\/esp\/wp-content\/uploads\/2020\/02\/WhatsApp-Image-2020-01-30-at-20.32.11.jpeg) center center no-repeat ;\n\t\t\t\t\t-webkit-background-size: cover;\n\t\t\t\t\t-moz-background-size: cover;\n\t\t\t\t\t-o-background-size: cover;\n\t\t\t\t\tbackground-size: cover;\n\t\t\t\t\tcolor: #1c25cc\">\n\t\t\t\t\n\t\t\t\t<div class=\"slider-content\" data-swiper-parallax=\"-50%\">\n\t\t\t\t\t<div class=\"slider-content-wrapper\">\n\t\t\t\t\t\t<h2 class=\"primary_font\" style=\"color:#1c25cc;font-size:50px;line-height: 50px\">Pastoral Nivel Inicial<\/h2>\n\t\t\t\t\t\t\n\t\t\t\t\t\t\n\t\t\t\t\t<\/div>\n\t\t\t\t<\/div>\n\t\t\t<\/div>\n\t\t\t<\/div><\/div>[\/vc_column][\/vc_row][vc_row full_width=&#8221;stretch_row_content&#8221; css=&#8221;.vc_custom_1575577477385{background-position: 0 0 !important;background-repeat: no-repeat !important;}&#8221;][vc_column width=&#8221;1\/6&#8243;][\/vc_column][vc_column width=&#8221;2\/3&#8243;][vc_empty_space height=&#8221;45&#8243;][vc_row_inner][vc_column_inner width=&#8221;2\/3&#8243;][vc_column_text]<img decoding=\"async\" loading=\"lazy\" class=\"alignnone size-large wp-image-582\" src=\"http:\/\/colegiosanmarcelo.com.ar\/esp\/wp-content\/uploads\/2020\/01\/insti-uno-1024x615.png\" alt=\"\" width=\"900\" height=\"541\" srcset=\"http:\/\/colegiosanmarcelo.com.ar\/esp\/wp-content\/uploads\/2020\/01\/insti-uno-1024x615.png 1024w, http:\/\/colegiosanmarcelo.com.ar\/esp\/wp-content\/uploads\/2020\/01\/insti-uno-300x180.png 300w, http:\/\/colegiosanmarcelo.com.ar\/esp\/wp-content\/uploads\/2020\/01\/insti-uno-768x462.png 768w, http:\/\/colegiosanmarcelo.com.ar\/esp\/wp-content\/uploads\/2020\/01\/insti-uno-600x361.png 600w, http:\/\/colegiosanmarcelo.com.ar\/esp\/wp-content\/uploads\/2020\/01\/insti-uno.png 1654w\" sizes=\"(max-width: 900px) 100vw, 900px\" \/>[\/vc_column_text][\/vc_column_inner][vc_column_inner width=&#8221;1\/3&#8243;][vc_empty_space height=&#8221;36&#8243;][vc_column_text]<\/p>\n<h3><strong>Formar personas responsables, comprometidas<\/strong><strong> y con una mirada cr\u00edtica de la realidad, capaces de transformarlas a trav\u00e9s del amor, el conocimiento, la solidaridad y el trabajo.<\/strong><\/h3>\n<p>[\/vc_column_text][\/vc_column_inner][\/vc_row_inner][vc_empty_space height=&#8221;60&#8243;][vc_row_inner][vc_column_inner width=&#8221;1\/2&#8243;][vc_column_text]<\/p>\n<p style=\"font-size: 35px; line-height: 45px; text-align: left;\"><span style=\"color: #082d40;\"><strong>\u201cEducar con calidad\u201d<\/strong> en el marco de una Comunidad Educativa, centrando los esfuerzos en la formaci\u00f3n y contenci\u00f3n de los alumnos a luz del Evangelio y los valores cristianos.<\/span><\/p>\n<p>[\/vc_column_text][\/vc_column_inner][vc_column_inner width=&#8221;1\/2&#8243;][vc_column_text]<\/p>\n<h3><span style=\"color: #082d40;\">Visi\u00f3n<\/span><\/h3>\n<p><strong>Calidad educativa:<\/strong>\u00a0<strong>Desarrollarnos como una instituci\u00f3n de fuerte identidad colectiva,<\/strong> sentido de pertenencia y calidad educativa acorde a la cultura y misi\u00f3n institucional dentro de los Colegios de la Di\u00f3cesis de San Isidro.<\/p>\n<p><strong>Comunidad educativa:\u00a0Ser un Colegio elegido por las familias de la comunidad de Don Torcuato por nuestra formaci\u00f3n acad\u00e9mica<\/strong>, emocional y la educaci\u00f3n en valores necesarios para el futuro de sus hijos en un mundo complejo y en permanente cambio.[\/vc_column_text][vc_column_text]<\/p>\n<h3><span style=\"color: #082d40;\">Valores<\/span><\/h3>\n<p>Como comunidad educativa, queremos transmitir el amor como principal valor y fundamento de nuestra instituci\u00f3n. Para esto es indispensable vivir la cordialidad a trav\u00e9s de la humildad y el respeto, siendo sinceros los unos con los otros de la mano del servicio, la solidaridad y el trabajo responsable.[\/vc_column_text][\/vc_column_inner][\/vc_row_inner][vc_empty_space height=&#8221;20&#8243;][\/vc_column][vc_column width=&#8221;1\/6&#8243;][\/vc_column][\/vc_row][vc_row full_width=&#8221;stretch_row_content&#8221; css=&#8221;.vc_custom_1575999913952{padding-top: 50px !important;padding-bottom: 50px !important;background-image: url(http:\/\/colegiosanmarcelo.com.ar\/esp\/wp-content\/uploads\/2019\/12\/coelgio1956-58.jpg?id=518) !important;background-position: center !important;background-repeat: no-repeat !important;background-size: cover !important;}&#8221; el_id=&#8221;actividades&#8221;][vc_column width=&#8221;1\/6&#8243;][\/vc_column][vc_column width=&#8221;2\/3&#8243;][vc_row_inner][vc_column_inner width=&#8221;1\/3&#8243; css=&#8221;.vc_custom_1571943408257{padding-top: 20px !important;padding-right: 30px !important;padding-bottom: 20px !important;padding-left: 30px !important;background-color: rgba(255,255,255,0.93) !important;*background-color: rgb(255,255,255) !important;}&#8221;][vc_column_text]<\/p>\n<h2>HISTORIA<\/h2>\n<p>[\/vc_column_text][vc_column_text]El <strong>Colegio Parroquial San Marcelo<\/strong> fue <strong>fundado un 15 de mayo de 1953,<\/strong> por el Rvdo. Padre Jes\u00fas Fern\u00e1ndez Berruete, en respuesta a las inquietudes de las familias de la zona.<\/p>\n<p><strong>Se edific\u00f3 en terrenos<\/strong> que pertenec\u00edan a la Iglesia del mismo nombre y <strong>que hab\u00edan sido donados por la Sra. Mar\u00eda Unzu\u00e9 de Alvear.<\/strong><br \/>\nPor aquel tiempo la Parroquia contaba con un local en el que funcionaba la Academia Regina Pacini de Alvear y fue all\u00ed donde se comenzaron a realizar las primeras actividades del Colegio.<\/p>\n<p>Antes de finalizar el primer a\u00f1o, se instal\u00f3 una casilla prefabricada comprada con el apoyo de las familias.<\/p>\n<p><strong>Con el transcurso de los a\u00f1os se fueron sumando obras, en relaci\u00f3n con el crecimiento de la Instituci\u00f3n,<\/strong><\/p>\n<p>Hoy el Colegio Parroquial San Marcelo cuenta con amplias instalaciones y una infraestructura <strong>que alberga m\u00e1s de 1500 alumnos<\/strong>[\/vc_column_text][\/vc_column_inner][vc_column_inner width=&#8221;2\/3&#8243;][\/vc_column_inner][\/vc_row_inner][\/vc_column][vc_column width=&#8221;1\/6&#8243;][\/vc_column][\/vc_row][vc_row full_width=&#8221;stretch_row_content&#8221; css=&#8221;.vc_custom_1575578441531{padding-top: 50px !important;padding-bottom: 50px !important;background-position: center !important;background-repeat: no-repeat !important;background-size: cover !important;}&#8221;][vc_column width=&#8221;1\/6&#8243;][\/vc_column][vc_column width=&#8221;2\/3&#8243;][vc_row_inner][vc_column_inner width=&#8221;1\/3&#8243; css=&#8221;.vc_custom_1571943408257{padding-top: 20px !important;padding-right: 30px !important;padding-bottom: 20px !important;padding-left: 30px !important;background-color: rgba(255,255,255,0.93) !important;*background-color: rgb(255,255,255) !important;}&#8221;][vc_column_text]<\/p>\n<h2><span style=\"color: #ff0000;\">El colegio hoy<\/span><\/h2>\n<p>[\/vc_column_text][vc_column_text]A fin de lograr una educaci\u00f3n integral y de calidad, vinculamos los aprendizajes del aula con el entorno natural, social y cultural. Respetamos las diferencias y valoramos la heterogeneidad. Fomentamos el pleno desarrollo de las potencialidades de cada ni\u00f1o y somos felices a la palabra de Dios, reflej\u00e1ndolo en actitudes cotidianas.<\/p>\n<p>Adem\u00e1s contamos con infraestructura super completa:<strong> Gimnasio cubierto,<\/strong> dos <strong>Salones de Usos M\u00faltiples<\/strong> con equipamiento multimedial,<strong> laboratorio de ciencias,<\/strong> laboratorio y <strong>salas de inform\u00e1tica<\/strong> con acceso a internet y equipamiento de \u00faltima generaci\u00f3n. Adem\u00e1s contamos con<strong> bibioteca y sala de recreaci\u00f3n y lectura y campo de deportes.<\/strong>[\/vc_column_text][\/vc_column_inner][vc_column_inner width=&#8221;2\/3&#8243;][vc_column_text]<img decoding=\"async\" loading=\"lazy\" class=\"alignnone size-large wp-image-591\" src=\"http:\/\/colegiosanmarcelo.com.ar\/esp\/wp-content\/uploads\/2020\/01\/base-e-imgs-1024x615.png\" alt=\"\" width=\"900\" height=\"541\" srcset=\"http:\/\/colegiosanmarcelo.com.ar\/esp\/wp-content\/uploads\/2020\/01\/base-e-imgs-1024x615.png 1024w, http:\/\/colegiosanmarcelo.com.ar\/esp\/wp-content\/uploads\/2020\/01\/base-e-imgs-300x180.png 300w, http:\/\/colegiosanmarcelo.com.ar\/esp\/wp-content\/uploads\/2020\/01\/base-e-imgs-768x462.png 768w, http:\/\/colegiosanmarcelo.com.ar\/esp\/wp-content\/uploads\/2020\/01\/base-e-imgs-600x361.png 600w, http:\/\/colegiosanmarcelo.com.ar\/esp\/wp-content\/uploads\/2020\/01\/base-e-imgs.png 1654w\" sizes=\"(max-width: 900px) 100vw, 900px\" \/>[\/vc_column_text][\/vc_column_inner][\/vc_row_inner][\/vc_column][vc_column width=&#8221;1\/6&#8243;][\/vc_column][\/vc_row][vc_row full_width=&#8221;stretch_row_content&#8221; css=&#8221;.vc_custom_1574873898109{background-image: url(http:\/\/colegiosanmarcelo.com.ar\/esp\/wp-content\/uploads\/2019\/11\/EXTERIOR5-baja-1.jpg?id=326) !important;background-position: center !important;background-repeat: no-repeat !important;background-size: cover !important;}&#8221; el_id=&#8221;contacto&#8221;][vc_column width=&#8221;1\/6&#8243;][\/vc_column][vc_column width=&#8221;2\/3&#8243;][vc_empty_space height=&#8221;35&#8243;][vc_custom_heading text=&#8221;Contacto&#8221; font_container=&#8221;tag:h2|text_align:center|color:%23232323&#8243; google_fonts=&#8221;font_family:Roboto%3A100%2C100italic%2C300%2C300italic%2Cregular%2Citalic%2C500%2C500italic%2C700%2C700italic%2C900%2C900italic|font_style:900%20bold%20regular%3A900%3Anormal&#8221;][vc_empty_space height=&#8221;10&#8243;][vc_column_text]<\/p>\n<p style=\"text-align: center;\"><span style=\"color: #333333; font-size: 28px;\">Escribinos, visitanos o llamanos.<\/span><\/p>\n<p>[\/vc_column_text][vc_empty_space height=&#8221;10&#8243;][vc_row_inner][vc_column_inner width=&#8221;2\/3&#8243;][vc_gmaps link=&#8221;#E-8_JTNDaWZyYW1lJTIwc3JjJTNEJTIyaHR0cHMlM0ElMkYlMkZ3d3cuZ29vZ2xlLmNvbSUyRm1hcHMlMkZlbWJlZCUzRnBiJTNEJTIxMW0xOCUyMTFtMTIlMjExbTMlMjExZDI2ODQuMzU3OTkwNDM1NjM1NyUyMTJkLTU4LjYzOTAzNzg3MjI2NTg3JTIxM2QtMzQuNDk4MjgzMzc0MDU0NTQ0JTIxMm0zJTIxMWYwJTIxMmYwJTIxM2YwJTIxM20yJTIxMWkxMDI0JTIxMmk3NjglMjE0ZjEzLjElMjEzbTMlMjExbTIlMjExczB4OTViY2JiNTEzMWJiNDdhZiUyNTNBMHhhOWI1YWZjZTY0YzY4MTAyJTIxMnNDb2xlZ2lvJTI1MjBQYXJyb3F1aWFsJTI1MjBTYW4lMjUyME1hcmNlbG8lMjE1ZTAlMjEzbTIlMjExc2VzLTQxOSUyMTJzYXIlMjE0djE1NzAyMTU0MDkzOTMlMjE1bTIlMjExc2VzLTQxOSUyMTJzYXIlMjIlMjB3aWR0aCUzRCUyMjYwMCUyMiUyMGhlaWdodCUzRCUyMjQ1MCUyMiUyMGZyYW1lYm9yZGVyJTNEJTIyMCUyMiUyMHN0eWxlJTNEJTIyYm9yZGVyJTNBMCUzQiUyMiUyMGFsbG93ZnVsbHNjcmVlbiUzRCUyMiUyMiUzRSUzQyUyRmlmcmFtZSUzRQ==&#8221;][\/vc_column_inner][vc_column_inner width=&#8221;1\/3&#8243;]\n<div class=\"wpcf7 no-js\" id=\"wpcf7-f21-o1\" lang=\"en-US\" dir=\"ltr\">\n<div class=\"screen-reader-response\"><p role=\"status\" aria-live=\"polite\" aria-atomic=\"true\"><\/p> <ul><\/ul><\/div>\n<form action=\"\/esp\/wp-json\/wp\/v2\/pages\/444#wpcf7-f21-o1\" method=\"post\" class=\"wpcf7-form init\" aria-label=\"Contact form\" novalidate=\"novalidate\" data-status=\"init\">\n<div style=\"display: none;\">\n<input type=\"hidden\" name=\"_wpcf7\" value=\"21\" \/>\n<input type=\"hidden\" name=\"_wpcf7_version\" value=\"5.9.8\" \/>\n<input type=\"hidden\" name=\"_wpcf7_locale\" value=\"en_US\" \/>\n<input type=\"hidden\" name=\"_wpcf7_unit_tag\" value=\"wpcf7-f21-o1\" \/>\n<input type=\"hidden\" name=\"_wpcf7_container_post\" value=\"0\" \/>\n<input type=\"hidden\" name=\"_wpcf7_posted_data_hash\" value=\"\" \/>\n<input type=\"hidden\" name=\"_wpcf7cf_hidden_group_fields\" value=\"[]\" \/>\n<input type=\"hidden\" name=\"_wpcf7cf_hidden_groups\" value=\"[]\" \/>\n<input type=\"hidden\" name=\"_wpcf7cf_visible_groups\" value=\"[]\" \/>\n<input type=\"hidden\" name=\"_wpcf7cf_repeaters\" value=\"[]\" \/>\n<input type=\"hidden\" name=\"_wpcf7cf_steps\" value=\"{}\" \/>\n<input type=\"hidden\" name=\"_wpcf7cf_options\" value=\"{&quot;form_id&quot;:21,&quot;conditions&quot;:[],&quot;settings&quot;:{&quot;animation&quot;:&quot;yes&quot;,&quot;animation_intime&quot;:200,&quot;animation_outtime&quot;:200,&quot;conditions_ui&quot;:&quot;normal&quot;,&quot;notice_dismissed&quot;:false}}\" \/>\n<\/div>\n<p><span class=\"wpcf7-form-control-wrap\" data-name=\"your-name\"><input size=\"40\" maxlength=\"400\" class=\"wpcf7-form-control wpcf7-text wpcf7-validates-as-required\" aria-required=\"true\" aria-invalid=\"false\" placeholder=\"NOMBRE Y APELLIDO*\" value=\"\" type=\"text\" name=\"your-name\" \/><\/span>\n<\/p>\n<p><span class=\"wpcf7-form-control-wrap\" data-name=\"your-email\"><input size=\"40\" maxlength=\"400\" class=\"wpcf7-form-control wpcf7-email wpcf7-validates-as-required wpcf7-text wpcf7-validates-as-email\" aria-required=\"true\" aria-invalid=\"false\" placeholder=\"EMAIL*\" value=\"\" type=\"email\" name=\"your-email\" \/><\/span>\n<\/p>\n<p><span class=\"wpcf7-form-control-wrap\" data-name=\"your-subject\"><input size=\"40\" maxlength=\"400\" class=\"wpcf7-form-control wpcf7-text\" aria-invalid=\"false\" placeholder=\"ASUNTO*\" value=\"\" type=\"text\" name=\"your-subject\" \/><\/span>\n<\/p>\n<p><span class=\"wpcf7-form-control-wrap\" data-name=\"your-message\"><textarea cols=\"40\" rows=\"10\" maxlength=\"2000\" class=\"wpcf7-form-control wpcf7-textarea\" aria-invalid=\"false\" placeholder=\"MENSAJE*\" name=\"your-message\"><\/textarea><\/span>\n<\/p>\n<div id=\"cf7sr-69f8a2d0784a3\" class=\"cf7sr-g-recaptcha\" data-theme=\"light\" data-type=\"image\" data-size=\"normal\" data-sitekey=\"6LcKy-MnAAAAAC8UZS-oUC5PD2YaifDATTJqI6wf\"><\/div><span class=\"wpcf7-form-control-wrap cf7sr-recaptcha\" data-name=\"cf7sr-recaptcha\"><input type=\"hidden\" name=\"cf7sr-recaptcha\" value=\"\" class=\"wpcf7-form-control\"><\/span>\n<\/p>\n<p><input class=\"wpcf7-form-control wpcf7-submit has-spinner\" type=\"submit\" value=\"ENVIAR\" \/>\n<\/p><div class=\"wpcf7-response-output\" aria-hidden=\"true\"><\/div>\n<\/form>\n<\/div>\n[\/vc_column_inner][\/vc_row_inner][vc_empty_space height=&#8221;35&#8243;][\/vc_column][vc_column width=&#8221;1\/6&#8243;][\/vc_column][\/vc_row][vc_row css=&#8221;.vc_custom_1573582200546{background-color: #21aad3 !important;}&#8221;][vc_column width=&#8221;1\/6&#8243;][\/vc_column][vc_column width=&#8221;2\/3&#8243;][vc_empty_space height=&#8221;15&#8243;][vc_row_inner][vc_column_inner el_class=&#8221;horario&#8221; width=&#8221;1\/4&#8243;][vc_column_text]<\/p>\n<h3><span style=\"color: #ffffff;\">Nivel Inicial<\/span><\/h3>\n<p><span style=\"color: #ffffff;\">TM Jard\u00edn: 7.40 a 12.05 horas<\/span><br \/>\n<span style=\"color: #ffffff;\">TT Jard\u00edn: 12.40 a 17.05 horas<\/span><br \/>\n<span style=\"color: #ffffff;\">TM Maternal: 7.45 a 12.00 hs<\/span><br \/>\n<span style=\"color: #ffffff;\">TT Maternal: 12.45 a 17.00 hs<\/span><\/p>\n<p><span style=\"color: #ffffff;\">jardinsanmarcelo@hotmail.com<\/span>[\/vc_column_text][\/vc_column_inner][vc_column_inner width=&#8221;1\/4&#8243;][vc_column_text]<\/p>\n<h3><span style=\"color: #ffffff;\">Nivel Primario<\/span><\/h3>\n<p><span style=\"color: #ffffff;\">Turno ma\u00f1ana: 7.40 hs a 12.20 hs.<\/span><br \/>\n<span style=\"color: #ffffff;\">Turno tarde: 12.45 hs. a 17.15 hs<\/span><\/p>\n<p><span style=\"color: #ffffff;\">Se permitir\u00e1 el ingreso de los alumnos a partir de las 7.25 hs (TM) y 12.30 hs. (TT) respectivamente con presencia del docente a cargo.<\/span><\/p>\n<p><span style=\"color: #ffffff;\">sanmarceloprimaria@gmail.com<\/span>[\/vc_column_text][\/vc_column_inner][vc_column_inner width=&#8221;1\/4&#8243;][vc_column_text]<\/p>\n<h3><span style=\"color: #ffffff;\">Nivel Secundario<\/span><\/h3>\n<p><span style=\"color: #ffffff;\">Turno ma\u00f1ana<\/span><br \/>\n<span style=\"color: #ffffff;\">Entrada: 7.35 hs<\/span><br \/>\n<span style=\"color: #ffffff;\">Salida: 12:05 hs \/ 13:30 hs \/ 14:30 hs<\/span><\/p>\n<p><span style=\"color: #ffffff;\">nivelsecundario@colegiosanmarcelo.com.ar<\/span>[\/vc_column_text][\/vc_column_inner][vc_column_inner width=&#8221;1\/4&#8243;][vc_column_text]<\/p>\n<h3><span style=\"color: #ffffff;\">Horario Secretar\u00eda<\/span><\/h3>\n<p><span style=\"color: #ffffff;\">Turno ma\u00f1ana: 7.30 a 9.00 hs y de 11.00 hs a 12.00hs<\/span><br \/>\n<span style=\"color: #ffffff;\">Turno tarde: 12:45 hs a 14:00 hs y de 16.00 hs a 17.00 hs hs<\/span>[\/vc_column_text][\/vc_column_inner][\/vc_row_inner][\/vc_column][vc_column width=&#8221;1\/6&#8243;][\/vc_column][\/vc_row][vc_row full_width=&#8221;stretch_row_content&#8221; css=&#8221;.vc_custom_1570821174783{background-image: url(http:\/\/colegiosanmarcelo.com.ar\/esp\/wp-content\/uploads\/2019\/10\/bg-header-01-2.jpg?id=101) !important;background-position: center !important;background-repeat: no-repeat !important;background-size: cover !important;}&#8221; el_id=&#8221;pieConDatos&#8221;][vc_column][vc_column_text]<\/p>\n<p style=\"text-align: center;\"><span style=\"color: #ffffff;\">Av. Alvear 746 &#8211; Don Torcuato &#8211; Provincia de Buenos Aires<\/span><br \/>\n<span style=\"color: #ffffff;\">Tel\u00e9fonos: 4513-2477\/ 4513-2478 \/4513-2479<\/span><\/p>\n<p>[\/vc_column_text][\/vc_column][\/vc_row]<\/p>\n","protected":false},"excerpt":{"rendered":"<p>[vc_row full_width=&#8221;stretch_row_content_no_spaces&#8221;][vc_column][\/vc_column][\/vc_row][vc_row full_width=&#8221;stretch_row_content&#8221; css=&#8221;.vc_custom_1575577477385{background-position: 0 0 !important;background-repeat: no-repeat !important;}&#8221;][vc_column width=&#8221;1\/6&#8243;][\/vc_column][vc_column width=&#8221;2\/3&#8243;][vc_empty_space height=&#8221;45&#8243;][vc_row_inner][vc_column_inner width=&#8221;2\/3&#8243;][vc_column_text][\/vc_column_text][\/vc_column_inner][vc_column_inner width=&#8221;1\/3&#8243;][vc_empty_space height=&#8221;36&#8243;][vc_column_text] Formar personas responsables, comprometidas y con una mirada cr\u00edtica de la realidad, capaces de transformarlas a trav\u00e9s del amor, el conocimiento, la solidaridad y el trabajo. [\/vc_column_text][\/vc_column_inner][\/vc_row_inner][vc_empty_space height=&#8221;60&#8243;][vc_row_inner][vc_column_inner width=&#8221;1\/2&#8243;][vc_column_text] \u201cEducar con calidad\u201d en el marco de una Comunidad Educativa, centrando [&hellip;]<\/p>\n","protected":false},"author":1,"featured_media":0,"parent":0,"menu_order":0,"comment_status":"closed","ping_status":"closed","template":"page-full-width.php","meta":{"pgc_meta":"","footnotes":""},"pgc_meta":"","_links":{"self":[{"href":"http:\/\/colegiosanmarcelo.com.ar\/esp\/wp-json\/wp\/v2\/pages\/444"}],"collection":[{"href":"http:\/\/colegiosanmarcelo.com.ar\/esp\/wp-json\/wp\/v2\/pages"}],"about":[{"href":"http:\/\/colegiosanmarcelo.com.ar\/esp\/wp-json\/wp\/v2\/types\/page"}],"author":[{"embeddable":true,"href":"http:\/\/colegiosanmarcelo.com.ar\/esp\/wp-json\/wp\/v2\/users\/1"}],"replies":[{"embeddable":true,"href":"http:\/\/colegiosanmarcelo.com.ar\/esp\/wp-json\/wp\/v2\/comments?post=444"}],"version-history":[{"count":42,"href":"http:\/\/colegiosanmarcelo.com.ar\/esp\/wp-json\/wp\/v2\/pages\/444\/revisions"}],"predecessor-version":[{"id":4508,"href":"http:\/\/colegiosanmarcelo.com.ar\/esp\/wp-json\/wp\/v2\/pages\/444\/revisions\/4508"}],"wp:attachment":[{"href":"http:\/\/colegiosanmarcelo.com.ar\/esp\/wp-json\/wp\/v2\/media?parent=444"}],"curies":[{"name":"wp","href":"https:\/\/api.w.org\/{rel}","templated":true}]}}