{"id":3597,"date":"2021-10-12T14:02:13","date_gmt":"2021-10-12T14:02:13","guid":{"rendered":"http:\/\/colegiosanmarcelo.com.ar\/esp\/?page_id=3597"},"modified":"2025-05-27T12:34:40","modified_gmt":"2025-05-27T12:34:40","slug":"alumnos-del-colegio","status":"publish","type":"page","link":"http:\/\/colegiosanmarcelo.com.ar\/esp\/alumnos-del-colegio\/","title":{"rendered":"Alumnos del colegio"},"content":{"rendered":"<p>[vc_row full_width=&#8221;stretch_row_content&#8221; css=&#8221;.vc_custom_1634047395707{margin-top: 200px !important;}&#8221;][vc_column width=&#8221;1\/4&#8243;][\/vc_column][vc_column width=&#8221;1\/2&#8243;][vc_column_text]<\/p>\n<h3 style=\"text-align: center;\">Estimadas Familias, como todos los a\u00f1os, comenzado el mes de Octubre, les hacemos llegar toda <strong>informaci\u00f3n concerniente a la matriculaci\u00f3n para el ciclo 2026<\/strong>, para los siguientes niveles y turnos:<\/h3>\n<p>[\/vc_column_text][vc_row_inner][vc_column_inner width=&#8221;1\/3&#8243;][vc_column_text]<strong>Nivel Inicial<\/strong><br \/>\nSala de 2 a\u00f1os turno ma\u00f1ana<br \/>\nSalas se 3, 4 y 5 a\u00f1os ma\u00f1ana y tarde<\/p>\n<p><strong>Nivel Primario <\/strong><br \/>\n1er a 6to grado Turno Ma\u00f1ana y Turno Tarde<\/p>\n<p><strong>Nivel Secundario <\/strong><br \/>\n1er a 6to a\u00f1o Turno Ma\u00f1ana[\/vc_column_text][\/vc_column_inner][vc_column_inner width=&#8221;1\/3&#8243;][vc_column_text]Dada las circunstancias que son de dominio p\u00fablico, no es posible habilitar l<strong>a matriculaci\u00f3n para los turnos<\/strong> complementarios.<br \/>\nLos valores son:<\/p>\n<p><strong>Sala de 2 a\u00f1os:<\/strong> $ &#8211;<br \/>\n<strong>Salas de 4 y 5 a\u00f1os:<\/strong> $ &#8211;<br \/>\n<strong>Nivel Primario:<\/strong> $ &#8211;<br \/>\n<strong>Nivel Secundario:<\/strong> $ &#8211;<\/p>\n<p>EL pago podr\u00e1 efectivizarse hasta en 3 cuotas durante los meses de octubre, noviembre y diciembre.[\/vc_column_text][\/vc_column_inner][vc_column_inner width=&#8221;1\/3&#8243;][vc_column_text]Son <strong>requisitos<\/strong> para efectivizar el pago,<br \/>\n<strong>No presentar mora <\/strong>en los aranceles,<br \/>\n<strong>Haber presentado<\/strong> (debidamente cumplimentado en formato papel), en el nivel que corresponda, <strong>el reglamento de reserva de vacante que se env\u00eda.<\/strong> el mismo est\u00e1 disponible m\u00e1s abajo.[\/vc_column_text][vc_btn title=&#8221;VER REGLAMENTO&#8221; style=&#8221;flat&#8221; shape=&#8221;square&#8221; align=&#8221;left&#8221; link=&#8221;url:http%3A%2F%2Fcolegiosanmarcelo.com.ar%2Fesp%2Fwp-content%2Fuploads%2F2021%2F10%2FREGLAMENTO-DE-RES.VAC_.2022.pdf|title:Reglamento%20Reserva%20de%20Vacantes%202022|target:%20_blank|&#8221;][\/vc_column_inner][\/vc_row_inner][\/vc_column][vc_column width=&#8221;1\/4&#8243;][\/vc_column][\/vc_row][vc_row css=&#8221;.vc_custom_1573582200546{background-color: #21aad3 !important;}&#8221;][vc_column width=&#8221;1\/6&#8243;][\/vc_column][vc_column width=&#8221;2\/3&#8243;][vc_empty_space height=&#8221;15&#8243;][vc_row_inner][vc_column_inner el_class=&#8221;horario&#8221; width=&#8221;1\/4&#8243;][vc_column_text]<\/p>\n<h3><span style=\"color: #ffffff;\">Nivel Inicial<\/span><\/h3>\n<p><span style=\"color: #ffffff;\">TM Jard\u00edn: 7.40 a 12.05 horas<\/span><br \/>\n<span style=\"color: #ffffff;\">TT Jard\u00edn: 12.40 a 17.05 horas<\/span><br \/>\n<span style=\"color: #ffffff;\">TM Maternal: 7.45 a 12.00 hs<\/span><br \/>\n<span style=\"color: #ffffff;\">TT Maternal: 12.45 a 17.00 hs<\/span><\/p>\n<p><span style=\"color: #ffffff;\">jardinsanmarcelo@hotmail.com<\/span>[\/vc_column_text][\/vc_column_inner][vc_column_inner width=&#8221;1\/4&#8243;][vc_column_text]<\/p>\n<h3><span style=\"color: #ffffff;\">Nivel Primario<\/span><\/h3>\n<p><span style=\"color: #ffffff;\">Turno ma\u00f1ana: 7.40 hs a 12.20 hs.<\/span><br \/>\n<span style=\"color: #ffffff;\">Turno tarde: 12.45 hs. a 17.15 hs<\/span><\/p>\n<p><span style=\"color: #ffffff;\">Se permitir\u00e1 el ingreso de los alumnos a partir de las 7.25 hs (TM) y 12.30 hs. (TT) respectivamente con presencia del docente a cargo.<\/span><\/p>\n<p><span style=\"color: #ffffff;\">sanmarceloprimaria@gmail.com<\/span>[\/vc_column_text][\/vc_column_inner][vc_column_inner width=&#8221;1\/4&#8243;][vc_column_text]<\/p>\n<h3><span style=\"color: #ffffff;\">Nivel Secundario<\/span><\/h3>\n<p><span style=\"color: #ffffff;\">Turno ma\u00f1ana<\/span><br \/>\n<span style=\"color: #ffffff;\">Entrada: 7.35 hs<\/span><br \/>\n<span style=\"color: #ffffff;\">Salida: 12:05 hs \/ 13:30 hs \/ 14:30 hs<\/span><\/p>\n<p><span style=\"color: #ffffff;\">nivelsecundario@colegiosanmarcelo.com.ar<\/span>[\/vc_column_text][\/vc_column_inner][vc_column_inner width=&#8221;1\/4&#8243;][vc_column_text]<\/p>\n<h3><span style=\"color: #ffffff;\">Horario Secretar\u00eda<\/span><\/h3>\n<p><span style=\"color: #ffffff;\">Turno ma\u00f1ana: 7.30 a 9.00 hs y de 11.00 hs a 12.00hs<\/span><br \/>\n<span style=\"color: #ffffff;\">Turno tarde: 12:45 hs a 14:00 hs y de 16.00 hs a 17.00 hs hs<\/span>[\/vc_column_text][\/vc_column_inner][\/vc_row_inner][\/vc_column][vc_column width=&#8221;1\/6&#8243;][\/vc_column][\/vc_row][vc_row full_width=&#8221;stretch_row_content&#8221; css=&#8221;.vc_custom_1570821174783{background-image: url(http:\/\/colegiosanmarcelo.com.ar\/esp\/wp-content\/uploads\/2019\/10\/bg-header-01-2.jpg?id=101) !important;background-position: center !important;background-repeat: no-repeat !important;background-size: cover !important;}&#8221; el_id=&#8221;pieConDatos&#8221;][vc_column][vc_column_text]<\/p>\n<p style=\"text-align: center;\"><span style=\"color: #ffffff;\">Av. Alvear 746 &#8211; Don Torcuato &#8211; Provincia de Buenos Aires<\/span><br \/>\n<span style=\"color: #ffffff;\">Tel\u00e9fonos: 4513-2477\/ 4513-2478 \/4513-2479<\/span><\/p>\n<p>[\/vc_column_text][\/vc_column][\/vc_row]<\/p>\n","protected":false},"excerpt":{"rendered":"<p>[vc_row full_width=&#8221;stretch_row_content&#8221; css=&#8221;.vc_custom_1634047395707{margin-top: 200px !important;}&#8221;][vc_column width=&#8221;1\/4&#8243;][\/vc_column][vc_column width=&#8221;1\/2&#8243;][vc_column_text] Estimadas Familias, como todos los a\u00f1os, comenzado el mes de Octubre, les hacemos llegar toda informaci\u00f3n concerniente a la matriculaci\u00f3n para el ciclo 2026, para los siguientes niveles y turnos: [\/vc_column_text][vc_row_inner][vc_column_inner width=&#8221;1\/3&#8243;][vc_column_text]Nivel Inicial Sala de 2 a\u00f1os turno ma\u00f1ana Salas se 3, 4 y 5 a\u00f1os ma\u00f1ana y [&hellip;]<\/p>\n","protected":false},"author":1,"featured_media":0,"parent":0,"menu_order":0,"comment_status":"closed","ping_status":"closed","template":"page-full-width.php","meta":{"pgc_meta":"","footnotes":""},"pgc_meta":"","_links":{"self":[{"href":"http:\/\/colegiosanmarcelo.com.ar\/esp\/wp-json\/wp\/v2\/pages\/3597"}],"collection":[{"href":"http:\/\/colegiosanmarcelo.com.ar\/esp\/wp-json\/wp\/v2\/pages"}],"about":[{"href":"http:\/\/colegiosanmarcelo.com.ar\/esp\/wp-json\/wp\/v2\/types\/page"}],"author":[{"embeddable":true,"href":"http:\/\/colegiosanmarcelo.com.ar\/esp\/wp-json\/wp\/v2\/users\/1"}],"replies":[{"embeddable":true,"href":"http:\/\/colegiosanmarcelo.com.ar\/esp\/wp-json\/wp\/v2\/comments?post=3597"}],"version-history":[{"count":11,"href":"http:\/\/colegiosanmarcelo.com.ar\/esp\/wp-json\/wp\/v2\/pages\/3597\/revisions"}],"predecessor-version":[{"id":4591,"href":"http:\/\/colegiosanmarcelo.com.ar\/esp\/wp-json\/wp\/v2\/pages\/3597\/revisions\/4591"}],"wp:attachment":[{"href":"http:\/\/colegiosanmarcelo.com.ar\/esp\/wp-json\/wp\/v2\/media?parent=3597"}],"curies":[{"name":"wp","href":"https:\/\/api.w.org\/{rel}","templated":true}]}}