{"id":3528,"date":"2021-08-06T12:13:47","date_gmt":"2021-08-06T12:13:47","guid":{"rendered":"http:\/\/colegiosanmarcelo.com.ar\/esp\/?page_id=3528"},"modified":"2025-05-27T12:25:59","modified_gmt":"2025-05-27T12:25:59","slug":"inscripcion-nivel-superior","status":"publish","type":"page","link":"http:\/\/colegiosanmarcelo.com.ar\/esp\/inscripcion-nivel-superior\/","title":{"rendered":"Inscripci\u00f3n nivel superior"},"content":{"rendered":"<p>[vc_row css=&#8221;.vc_custom_1603976966857{margin-top: 120px !important;}&#8221;][vc_column width=&#8221;1\/4&#8243;][\/vc_column][vc_column width=&#8221;1\/2&#8243;][vc_column_text]<\/p>\n<h3 style=\"text-align: center;\">Solicitud de Vacantes para futuros alumnos<\/h3>\n<h2 style=\"text-align: center;\">Formulario de Solicitud de vacantes<br \/>\nCiclo 2026<\/h2>\n<h4 style=\"text-align: center;\"><\/h4>\n<p>[\/vc_column_text][\/vc_column][vc_column width=&#8221;1\/4&#8243;][\/vc_column][\/vc_row][vc_row css=&#8221;.vc_custom_1618328794114{margin-top: 30px !important;}&#8221;][vc_column width=&#8221;1\/6&#8243;][\/vc_column][vc_column width=&#8221;2\/3&#8243;]\n<div class=\"wpcf7 no-js\" id=\"wpcf7-f2326-o1\" lang=\"es-AR\" dir=\"ltr\">\n<div class=\"screen-reader-response\"><p role=\"status\" aria-live=\"polite\" aria-atomic=\"true\"><\/p> <ul><\/ul><\/div>\n<form action=\"\/esp\/wp-json\/wp\/v2\/pages\/3528#wpcf7-f2326-o1\" method=\"post\" class=\"wpcf7-form init\" aria-label=\"Formulario de contacto\" novalidate=\"novalidate\" data-status=\"init\">\n<div style=\"display: none;\">\n<input type=\"hidden\" name=\"_wpcf7\" value=\"2326\" \/>\n<input type=\"hidden\" name=\"_wpcf7_version\" value=\"5.9.8\" \/>\n<input type=\"hidden\" name=\"_wpcf7_locale\" value=\"es_AR\" \/>\n<input type=\"hidden\" name=\"_wpcf7_unit_tag\" value=\"wpcf7-f2326-o1\" \/>\n<input type=\"hidden\" name=\"_wpcf7_container_post\" value=\"0\" \/>\n<input type=\"hidden\" name=\"_wpcf7_posted_data_hash\" value=\"\" \/>\n<input type=\"hidden\" name=\"_wpcf7cf_hidden_group_fields\" value=\"[]\" \/>\n<input type=\"hidden\" name=\"_wpcf7cf_hidden_groups\" value=\"[]\" \/>\n<input type=\"hidden\" name=\"_wpcf7cf_visible_groups\" value=\"[]\" \/>\n<input type=\"hidden\" name=\"_wpcf7cf_repeaters\" value=\"[]\" \/>\n<input type=\"hidden\" name=\"_wpcf7cf_steps\" value=\"{}\" \/>\n<input type=\"hidden\" name=\"_wpcf7cf_options\" value=\"{&quot;form_id&quot;:2326,&quot;conditions&quot;:[],&quot;settings&quot;:{&quot;animation&quot;:&quot;yes&quot;,&quot;animation_intime&quot;:200,&quot;animation_outtime&quot;:200,&quot;conditions_ui&quot;:&quot;normal&quot;,&quot;notice_dismissed&quot;:false}}\" \/>\n<\/div>\n<h4>NIVEL AL QUE SE DESEA INGRESAR\n<\/h4>\n<p>Ya est\u00e1n ingresando alumnos para los tres niveles del Colegio Parroquial San Marcelo\n<\/p>\n<p><span class=\"wpcf7-form-control-wrap\" data-name=\"Nivel\"><select class=\"wpcf7-form-control wpcf7-select\" aria-invalid=\"false\" name=\"Nivel\"><option value=\"INICIAL\">INICIAL<\/option><option value=\"PRIMARIO\">PRIMARIO<\/option><option value=\"SECUNDARIO\">SECUNDARIO<\/option><\/select><\/span>\n<\/p>\n<p>Sala \/ Grado \/ A\u00f1o al que se quiere ingresar: <span class=\"wpcf7-form-control-wrap\" data-name=\"SalaAoGradoaingresar\"><input size=\"40\" maxlength=\"400\" class=\"wpcf7-form-control wpcf7-text\" aria-invalid=\"false\" value=\"\" type=\"text\" name=\"SalaAoGradoaingresar\" \/><\/span><br \/>\nTurno: <span class=\"wpcf7-form-control-wrap\" data-name=\"Turno\"><span class=\"wpcf7-form-control wpcf7-checkbox wpcf7-exclusive-checkbox\"><span class=\"wpcf7-list-item first\"><input type=\"checkbox\" name=\"Turno\" value=\"Ma\u00f1ana\" \/><span class=\"wpcf7-list-item-label\">Ma\u00f1ana<\/span><\/span><span class=\"wpcf7-list-item last\"><input type=\"checkbox\" name=\"Turno\" value=\"Jornada Extendida\" \/><span class=\"wpcf7-list-item-label\">Jornada Extendida<\/span><\/span><\/span><\/span>\n<\/p>\n<h4>SOBRE EL ALUMNO\n<\/h4>\n<p>Nombre y apellido*: <span class=\"wpcf7-form-control-wrap\" data-name=\"NombreyApellidodelAlumno\"><input size=\"40\" maxlength=\"400\" class=\"wpcf7-form-control wpcf7-text wpcf7-validates-as-required\" aria-required=\"true\" aria-invalid=\"false\" value=\"\" type=\"text\" name=\"NombreyApellidodelAlumno\" \/><\/span><br \/>\nFecha de nacimiento: <span class=\"wpcf7-form-control-wrap\" data-name=\"Fechadenacimiento\"><input size=\"40\" maxlength=\"400\" class=\"wpcf7-form-control wpcf7-text\" aria-invalid=\"false\" value=\"\" type=\"text\" name=\"Fechadenacimiento\" \/><\/span><br \/>\nEdad: <span class=\"wpcf7-form-control-wrap\" data-name=\"Edad\"><input size=\"40\" maxlength=\"400\" class=\"wpcf7-form-control wpcf7-text wpcf7-validates-as-required\" aria-required=\"true\" aria-invalid=\"false\" value=\"\" type=\"text\" name=\"Edad\" \/><\/span><br \/>\nD.N.I: <span class=\"wpcf7-form-control-wrap\" data-name=\"DNI\"><input size=\"40\" maxlength=\"400\" class=\"wpcf7-form-control wpcf7-text\" aria-invalid=\"false\" value=\"\" type=\"text\" name=\"DNI\" \/><\/span><br \/>\nEscuela de procedencia: <span class=\"wpcf7-form-control-wrap\" data-name=\"Escueladeprocedencia\"><input size=\"40\" maxlength=\"400\" class=\"wpcf7-form-control wpcf7-text\" aria-invalid=\"false\" value=\"\" type=\"text\" name=\"Escueladeprocedencia\" \/><\/span>\n<\/p>\n<h4>DATOS DEL ADULTO RESPONSABLE\n<\/h4>\n<p>Nombre y apellido del adulto: <span class=\"wpcf7-form-control-wrap\" data-name=\"NombreyApellidodelAdulto\"><input size=\"40\" maxlength=\"400\" class=\"wpcf7-form-control wpcf7-text\" aria-invalid=\"false\" value=\"\" type=\"text\" name=\"NombreyApellidodelAdulto\" \/><\/span><br \/>\nV\u00ednculo con el alumno: <span class=\"wpcf7-form-control-wrap\" data-name=\"Vnculo\"><input size=\"40\" maxlength=\"400\" class=\"wpcf7-form-control wpcf7-text\" aria-invalid=\"false\" value=\"\" type=\"text\" name=\"Vnculo\" \/><\/span><br \/>\nEs Personal del Colegio actualmente?<br \/>\n<span class=\"wpcf7-form-control-wrap\" data-name=\"EsactualmentepersonaldelColegio\"><span class=\"wpcf7-form-control wpcf7-checkbox wpcf7-exclusive-checkbox\"><span class=\"wpcf7-list-item first\"><input type=\"checkbox\" name=\"EsactualmentepersonaldelColegio\" value=\"SI\" \/><span class=\"wpcf7-list-item-label\">SI<\/span><\/span><span class=\"wpcf7-list-item last\"><input type=\"checkbox\" name=\"EsactualmentepersonaldelColegio\" value=\"NO\" \/><span class=\"wpcf7-list-item-label\">NO<\/span><\/span><\/span><\/span>\n<\/p>\n<p>D.N.I.: <span class=\"wpcf7-form-control-wrap\" data-name=\"DNIadulto\"><input size=\"40\" maxlength=\"400\" class=\"wpcf7-form-control wpcf7-text\" aria-invalid=\"false\" value=\"\" type=\"text\" name=\"DNIadulto\" \/><\/span><br \/>\nDirecci\u00f3n: <span class=\"wpcf7-form-control-wrap\" data-name=\"Direccion\"><input size=\"40\" maxlength=\"400\" class=\"wpcf7-form-control wpcf7-text\" aria-invalid=\"false\" value=\"\" type=\"text\" name=\"Direccion\" \/><\/span><br \/>\nLocalidad: <span class=\"wpcf7-form-control-wrap\" data-name=\"Localidad\"><input size=\"40\" maxlength=\"400\" class=\"wpcf7-form-control wpcf7-text\" aria-invalid=\"false\" value=\"\" type=\"text\" name=\"Localidad\" \/><\/span><br \/>\nTel\u00e9fono particular: <span class=\"wpcf7-form-control-wrap\" data-name=\"Telefonoparticular\"><input size=\"40\" maxlength=\"400\" class=\"wpcf7-form-control wpcf7-text\" aria-invalid=\"false\" value=\"\" type=\"text\" name=\"Telefonoparticular\" \/><\/span><br \/>\nTel\u00e9fono celular: <span class=\"wpcf7-form-control-wrap\" data-name=\"Telefonocelular\"><input size=\"40\" maxlength=\"400\" class=\"wpcf7-form-control wpcf7-text\" aria-invalid=\"false\" value=\"\" type=\"text\" name=\"Telefonocelular\" \/><\/span><br \/>\nHorario de contacto: <span class=\"wpcf7-form-control-wrap\" data-name=\"horariodecontacto\"><input size=\"40\" maxlength=\"400\" class=\"wpcf7-form-control wpcf7-text\" aria-invalid=\"false\" value=\"\" type=\"text\" name=\"horariodecontacto\" \/><\/span><br \/>\nEmail: <span class=\"wpcf7-form-control-wrap\" data-name=\"email\"><input size=\"40\" maxlength=\"400\" class=\"wpcf7-form-control wpcf7-email wpcf7-text wpcf7-validates-as-email\" aria-invalid=\"false\" value=\"\" type=\"email\" name=\"email\" \/><\/span>\n<\/p>\n<h4>En caso de tener hermanos, actualmente en el colegio, indicar: Nombre \/ Nivel \/ Sala, Grado o A\u00f1o\n<\/h4>\n<p>Hermano 1:<br \/>\n<span class=\"wpcf7-form-control-wrap\" data-name=\"HermanoUno\"><input size=\"40\" maxlength=\"400\" class=\"wpcf7-form-control wpcf7-text\" aria-invalid=\"false\" value=\"\" type=\"text\" name=\"HermanoUno\" \/><\/span><br \/>\nHermano 2:<br \/>\n<span class=\"wpcf7-form-control-wrap\" data-name=\"HermanoDos\"><input size=\"40\" maxlength=\"400\" class=\"wpcf7-form-control wpcf7-text\" aria-invalid=\"false\" value=\"\" type=\"text\" name=\"HermanoDos\" \/><\/span><br \/>\nHermano 3:<br \/>\n<span class=\"wpcf7-form-control-wrap\" data-name=\"HermanoTres\"><input size=\"40\" maxlength=\"400\" class=\"wpcf7-form-control wpcf7-text\" aria-invalid=\"false\" value=\"\" type=\"text\" name=\"HermanoTres\" \/><\/span><br \/>\nHermano 4:<br \/>\n<span class=\"wpcf7-form-control-wrap\" data-name=\"HermanoCuatro\"><input size=\"40\" maxlength=\"400\" class=\"wpcf7-form-control wpcf7-text\" aria-invalid=\"false\" value=\"\" type=\"text\" name=\"HermanoCuatro\" \/><\/span><br \/>\nHermano 5:<br \/>\n<span class=\"wpcf7-form-control-wrap\" data-name=\"HermanoCinco\"><input size=\"40\" maxlength=\"400\" class=\"wpcf7-form-control wpcf7-text\" aria-invalid=\"false\" value=\"\" type=\"text\" name=\"HermanoCinco\" \/><\/span><br \/>\n\u00bfRealiz\u00f3 inscripci\u00f3n en otro nivel?<br \/>\n<span class=\"wpcf7-form-control-wrap\" data-name=\"radio-810\"><span class=\"wpcf7-form-control wpcf7-radio\"><span class=\"wpcf7-list-item first\"><label><input type=\"radio\" name=\"radio-810\" value=\"si\" checked=\"checked\" \/><span class=\"wpcf7-list-item-label\">si<\/span><\/label><\/span><span class=\"wpcf7-list-item last\"><label><input type=\"radio\" name=\"radio-810\" value=\"no\" \/><span class=\"wpcf7-list-item-label\">no<\/span><\/label><\/span><\/span><\/span><br \/>\n\u00bfCu\u00e1l?:<br \/>\n<span class=\"wpcf7-form-control-wrap\" data-name=\"otroNivel\"><input size=\"40\" maxlength=\"400\" class=\"wpcf7-form-control wpcf7-text\" aria-invalid=\"false\" value=\"\" type=\"text\" name=\"otroNivel\" \/><\/span>\n<\/p>\n<h4>Indique sus intereses por lo que elige el Colegio:\n<\/h4>\n<p><span class=\"wpcf7-form-control-wrap\" data-name=\"intereses\"><span class=\"wpcf7-form-control wpcf7-checkbox\"><span class=\"wpcf7-list-item first\"><input type=\"checkbox\" name=\"intereses[]\" value=\"Propuesta pedag\u00f3gica\" \/><span class=\"wpcf7-list-item-label\">Propuesta pedag\u00f3gica<\/span><\/span><span class=\"wpcf7-list-item\"><input type=\"checkbox\" name=\"intereses[]\" value=\"Salidas Educativas\" \/><span class=\"wpcf7-list-item-label\">Salidas Educativas<\/span><\/span><span class=\"wpcf7-list-item\"><input type=\"checkbox\" name=\"intereses[]\" value=\"Formaci\u00f3n en la Fe\" \/><span class=\"wpcf7-list-item-label\">Formaci\u00f3n en la Fe<\/span><\/span><span class=\"wpcf7-list-item\"><input type=\"checkbox\" name=\"intereses[]\" value=\"Clima Institucional\" \/><span class=\"wpcf7-list-item-label\">Clima Institucional<\/span><\/span><span class=\"wpcf7-list-item last\"><input type=\"checkbox\" name=\"intereses[]\" value=\"Otros\" \/><span class=\"wpcf7-list-item-label\">Otros<\/span><\/span><\/span><\/span><br \/>\n<span class=\"wpcf7-form-control-wrap\" data-name=\"Otrointeres\"><input size=\"40\" maxlength=\"400\" class=\"wpcf7-form-control wpcf7-text\" aria-invalid=\"false\" value=\"Indique cuales\" type=\"text\" name=\"Otrointeres\" \/><\/span>\n<\/p>\n<div id=\"cf7sr-69e34e2b2d316\" class=\"cf7sr-g-recaptcha\" data-theme=\"light\" data-type=\"image\" data-size=\"normal\" data-sitekey=\"6LcKy-MnAAAAAC8UZS-oUC5PD2YaifDATTJqI6wf\"><\/div><span class=\"wpcf7-form-control-wrap cf7sr-recaptcha\" data-name=\"cf7sr-recaptcha\"><input type=\"hidden\" name=\"cf7sr-recaptcha\" value=\"\" class=\"wpcf7-form-control\"><\/span>\n<\/p>\n<p><input class=\"wpcf7-form-control wpcf7-submit has-spinner\" type=\"submit\" value=\"ENVIAR\" \/>\n<\/p>\n<p>NOTA: EL PRESENTE TIENE COMO \u00daNICA FINALIDAD REGISTRAR LA INTENCI\u00d3N DE VACANTE EN NUESTRO COLEGIO El ENV\u00cdO DE ESTE FORMULARIO NO IMPLICA LA RESERVA NI EL OTORGAMIENTO ALGUNO.\n<\/p><div class=\"wpcf7-response-output\" aria-hidden=\"true\"><\/div>\n<\/form>\n<\/div>\n[\/vc_column][vc_column width=&#8221;1\/6&#8243;][\/vc_column][\/vc_row][vc_row css=&#8221;.vc_custom_1573582200546{background-color: #21aad3 !important;}&#8221;][vc_column width=&#8221;1\/6&#8243;][\/vc_column][vc_column width=&#8221;2\/3&#8243;][vc_empty_space height=&#8221;15&#8243;][vc_row_inner][vc_column_inner el_class=&#8221;horario&#8221; width=&#8221;1\/4&#8243;][vc_column_text]<\/p>\n<h3><span style=\"color: #ffffff;\">Nivel Inicial<\/span><\/h3>\n<p><span style=\"color: #ffffff;\">TM Jard\u00edn: 7.40 a 12.05 horas<\/span><br \/>\n<span style=\"color: #ffffff;\">TT Jard\u00edn: 12.40 a 17.05 horas<\/span><br \/>\n<span style=\"color: #ffffff;\">TM Maternal: 7.45 a 12.00 hs<\/span><br \/>\n<span style=\"color: #ffffff;\">TT Maternal: 12.45 a 17.00 hs<\/span><\/p>\n<p><span style=\"color: #ffffff;\">jardinsanmarcelo@hotmail.com<\/span>[\/vc_column_text][\/vc_column_inner][vc_column_inner width=&#8221;1\/4&#8243;][vc_column_text]<\/p>\n<h3><span style=\"color: #ffffff;\">Nivel Primario<\/span><\/h3>\n<p><span style=\"color: #ffffff;\">Turno ma\u00f1ana: 7.40 hs a 12.20 hs.<\/span><br \/>\n<span style=\"color: #ffffff;\">Turno tarde: 12.45 hs. a 17.15 hs<\/span><\/p>\n<p><span style=\"color: #ffffff;\">Se permitir\u00e1 el ingreso de los alumnos a partir de las 7.25 hs (TM) y 12.30 hs. (TT) respectivamente con presencia del docente a cargo.<\/span><\/p>\n<p><span style=\"color: #ffffff;\">sanmarceloprimaria@gmail.com<\/span>[\/vc_column_text][\/vc_column_inner][vc_column_inner width=&#8221;1\/4&#8243;][vc_column_text]<\/p>\n<h3><span style=\"color: #ffffff;\">Nivel Secundario<\/span><\/h3>\n<p><span style=\"color: #ffffff;\">Turno ma\u00f1ana<\/span><br \/>\n<span style=\"color: #ffffff;\">Entrada: 7.35 hs<\/span><br \/>\n<span style=\"color: #ffffff;\">Salida: 12:05 hs \/ 13:30 hs \/ 14:30 hs<\/span><\/p>\n<p><span style=\"color: #ffffff;\">nivelsecundario@colegiosanmarcelo.com.ar<\/span>[\/vc_column_text][\/vc_column_inner][vc_column_inner width=&#8221;1\/4&#8243;][vc_column_text]<\/p>\n<h3><span style=\"color: #ffffff;\">Horario Secretar\u00eda<\/span><\/h3>\n<p><span style=\"color: #ffffff;\">Turno ma\u00f1ana: 7.30 a 9.00 hs y de 11.00 hs a 12.00hs<\/span><br \/>\n<span style=\"color: #ffffff;\">Turno tarde: 12:45 hs a 14:00 hs y de 16.00 hs a 17.00 hs hs<\/span>[\/vc_column_text][\/vc_column_inner][\/vc_row_inner][\/vc_column][vc_column width=&#8221;1\/6&#8243;][\/vc_column][\/vc_row]<\/p>\n","protected":false},"excerpt":{"rendered":"<p>[vc_row css=&#8221;.vc_custom_1603976966857{margin-top: 120px !important;}&#8221;][vc_column width=&#8221;1\/4&#8243;][\/vc_column][vc_column width=&#8221;1\/2&#8243;][vc_column_text] Solicitud de Vacantes para futuros alumnos Formulario de Solicitud de vacantes Ciclo 2026 [\/vc_column_text][\/vc_column][vc_column width=&#8221;1\/4&#8243;][\/vc_column][\/vc_row][vc_row css=&#8221;.vc_custom_1618328794114{margin-top: 30px !important;}&#8221;][vc_column width=&#8221;1\/6&#8243;][\/vc_column][vc_column width=&#8221;2\/3&#8243;][\/vc_column][vc_column width=&#8221;1\/6&#8243;][\/vc_column][\/vc_row][vc_row css=&#8221;.vc_custom_1573582200546{background-color: #21aad3 !important;}&#8221;][vc_column width=&#8221;1\/6&#8243;][\/vc_column][vc_column width=&#8221;2\/3&#8243;][vc_empty_space height=&#8221;15&#8243;][vc_row_inner][vc_column_inner el_class=&#8221;horario&#8221; width=&#8221;1\/4&#8243;][vc_column_text] Nivel Inicial TM Jard\u00edn: 7.40 a 12.05 horas TT Jard\u00edn: 12.40 a 17.05 horas TM Maternal: 7.45 a 12.00 hs [&hellip;]<\/p>\n","protected":false},"author":1,"featured_media":0,"parent":0,"menu_order":0,"comment_status":"closed","ping_status":"closed","template":"page-full-width.php","meta":{"pgc_meta":"","footnotes":""},"pgc_meta":"","_links":{"self":[{"href":"http:\/\/colegiosanmarcelo.com.ar\/esp\/wp-json\/wp\/v2\/pages\/3528"}],"collection":[{"href":"http:\/\/colegiosanmarcelo.com.ar\/esp\/wp-json\/wp\/v2\/pages"}],"about":[{"href":"http:\/\/colegiosanmarcelo.com.ar\/esp\/wp-json\/wp\/v2\/types\/page"}],"author":[{"embeddable":true,"href":"http:\/\/colegiosanmarcelo.com.ar\/esp\/wp-json\/wp\/v2\/users\/1"}],"replies":[{"embeddable":true,"href":"http:\/\/colegiosanmarcelo.com.ar\/esp\/wp-json\/wp\/v2\/comments?post=3528"}],"version-history":[{"count":10,"href":"http:\/\/colegiosanmarcelo.com.ar\/esp\/wp-json\/wp\/v2\/pages\/3528\/revisions"}],"predecessor-version":[{"id":4587,"href":"http:\/\/colegiosanmarcelo.com.ar\/esp\/wp-json\/wp\/v2\/pages\/3528\/revisions\/4587"}],"wp:attachment":[{"href":"http:\/\/colegiosanmarcelo.com.ar\/esp\/wp-json\/wp\/v2\/media?parent=3528"}],"curies":[{"name":"wp","href":"https:\/\/api.w.org\/{rel}","templated":true}]}}