{"id":267,"date":"2019-10-29T16:27:55","date_gmt":"2019-10-29T16:27:55","guid":{"rendered":"http:\/\/colegiosanmarcelo.com.ar\/esp\/?page_id=267"},"modified":"2022-04-25T11:23:12","modified_gmt":"2022-04-25T11:23:12","slug":"nivel-secundario","status":"publish","type":"page","link":"http:\/\/colegiosanmarcelo.com.ar\/esp\/nivel-secundario\/","title":{"rendered":"nivel secundario"},"content":{"rendered":"<p>[vc_row full_width=&#8221;stretch_row_content_no_spaces&#8221;][vc_column]<style>.shortcode_getbowtied_slider .shortcode-slider-pagination .swiper-pagination-bullet.swiper-pagination-bullet-active:after{background-color: #000000;}<\/style>\n\n\t\t<div class=\"shortcode_getbowtied_slider swiper-container swiper-69f8a166f3089 \" style=\"height:750px; width: 100%\" data-autoplay=\"10\" data-id=\"69f8a166f3089\">\n\t\t\t<div class=\"swiper-wrapper\">\n\t\t\t\n\t\t\t<div class=\"swiper-slide left-align\"\n\t\t\tstyle=\t\"background: #CCCCCC url(http:\/\/colegiosanmarcelo.com.ar\/esp\/wp-content\/uploads\/2020\/02\/IMG_4430.jpg) center center no-repeat ;\n\t\t\t\t\t-webkit-background-size: cover;\n\t\t\t\t\t-moz-background-size: cover;\n\t\t\t\t\t-o-background-size: cover;\n\t\t\t\t\tbackground-size: cover;\n\t\t\t\t\tcolor: #0d4aa5\">\n\t\t\t\t\n\t\t\t\t<div class=\"slider-content\" data-swiper-parallax=\"-50%\">\n\t\t\t\t\t<div class=\"slider-content-wrapper\">\n\t\t\t\t\t\t<h2 class=\"primary_font\" style=\"color:#0d4aa5;font-size:40px;line-height: 40px\">Nivel Secundario<\/h2>\n\t\t\t\t\t\t\n\t\t\t\t\t\t\n\t\t\t\t\t<\/div>\n\t\t\t\t<\/div>\n\t\t\t<\/div>\n\t\t\t<div class=\"swiper-slide left-align\"\n\t\t\tstyle=\t\"background: #CCCCCC url(http:\/\/colegiosanmarcelo.com.ar\/esp\/wp-content\/uploads\/2020\/02\/IMG_4432.jpg) center center no-repeat ;\n\t\t\t\t\t-webkit-background-size: cover;\n\t\t\t\t\t-moz-background-size: cover;\n\t\t\t\t\t-o-background-size: cover;\n\t\t\t\t\tbackground-size: cover;\n\t\t\t\t\tcolor: #0d4aa5\">\n\t\t\t\t\n\t\t\t\t<div class=\"slider-content\" data-swiper-parallax=\"-50%\">\n\t\t\t\t\t<div class=\"slider-content-wrapper\">\n\t\t\t\t\t\t<h2 class=\"primary_font\" style=\"color:#0d4aa5;font-size:40px;line-height: 40px\">Nivel Secundario<\/h2>\n\t\t\t\t\t\t\n\t\t\t\t\t\t\n\t\t\t\t\t<\/div>\n\t\t\t\t<\/div>\n\t\t\t<\/div>\n\t\t\t<\/div><\/div>[vc_column_text][\/vc_column_text][vc_empty_space][\/vc_column][\/vc_row][vc_row full_width=&#8221;stretch_row_content_no_spaces&#8221; css=&#8221;.vc_custom_1574871999519{margin-top: -40px !important;padding-top: -20px !important;padding-bottom: -20px !important;background-color: #f6f5f0 !important;}&#8221;][vc_column width=&#8221;1\/4&#8243;][vc_row_inner css=&#8221;.vc_custom_1577384450537{margin-top: 45px !important;}&#8221;][vc_column_inner][vc_raw_html]JTNDYSUyMGhyZWYlM0QlMjIlMjNhY3RpdmlkYWRlcyUyMiUzRSUwQSUyMCUyMCUyMCUyMCUyMCUyMCUyMCUyMCUzQ2ltZyUyMGNsYXNzJTNEJTIyYWxpZ25jZW50ZXIlMjIlMjBzcmMlM0QlMjJodHRwJTNBJTJGJTJGY29sZWdpb3Nhbm1hcmNlbG8uY29tLmFyJTJGZXNwJTJGd3AtY29udGVudCUyRnVwbG9hZHMlMkYyMDIwJTJGMDElMkZib3Rvbi1hY3RpdmlkYWRlczIucG5nJTIyJTIwJTIwb25tb3VzZW92ZXIlM0QlMjJ0aGlzLnNyYyUzRCUyN2h0dHAlM0ElMkYlMkZjb2xlZ2lvc2FubWFyY2Vsby5jb20uYXIlMkZlc3AlMkZ3cC1jb250ZW50JTJGdXBsb2FkcyUyRjIwMjAlMkYwMSUyRmJvdG9uLWFjdGl2aWRhZGVzMkIucG5nJTI3JTNCJTIyJTIwb25tb3VzZW91dCUzRCUyMnRoaXMuc3JjJTNEJTI3aHR0cCUzQSUyRiUyRmNvbGVnaW9zYW5tYXJjZWxvLmNvbS5hciUyRmVzcCUyRndwLWNvbnRlbnQlMkZ1cGxvYWRzJTJGMjAyMCUyRjAxJTJGYm90b24tYWN0aXZpZGFkZXMyLnBuZyUyNyUyMiUyMGFsdCUzRCUyMiUyMiUyMHdpZHRoJTNEJTIyNzUlMjUlMjIlMjAlMkYlM0UlMEElMjAlMjAlMjAlMjAlM0MlMkZhJTNF[\/vc_raw_html][vc_raw_html]JTNDYSUyMGhyZWYlM0QlMjJodHRwJTNBJTJGJTJGY29sZWdpb3Nhbm1hcmNlbG8uY29tLmFyJTJGZXNwJTJGZXF1aXBvLXNlY3VuZGFyaW8lMkYlMjIlM0UlMEElMjAlMjAlMjAlMjAlMjAlMjAlMjAlMjAlM0NpbWclMjBjbGFzcyUzRCUyMmFsaWduY2VudGVyJTIyJTIwc3JjJTNEJTIyaHR0cCUzQSUyRiUyRmNvbGVnaW9zYW5tYXJjZWxvLmNvbS5hciUyRmVzcCUyRndwLWNvbnRlbnQlMkZ1cGxvYWRzJTJGMjAyMCUyRjAxJTJGYm90b24tcGxhbnRhLWRvY2VudGUyLnBuZyUyMiUyMCUyMG9ubW91c2VvdmVyJTNEJTIydGhpcy5zcmMlM0QlMjdodHRwJTNBJTJGJTJGY29sZWdpb3Nhbm1hcmNlbG8uY29tLmFyJTJGZXNwJTJGd3AtY29udGVudCUyRnVwbG9hZHMlMkYyMDIwJTJGMDElMkZib3Rvbi1wbGFudGEtZG9jZW50ZTJCLnBuZyUyNyUzQiUyMiUyMG9ubW91c2VvdXQlM0QlMjJ0aGlzLnNyYyUzRCUyN2h0dHAlM0ElMkYlMkZjb2xlZ2lvc2FubWFyY2Vsby5jb20uYXIlMkZlc3AlMkZ3cC1jb250ZW50JTJGdXBsb2FkcyUyRjIwMjAlMkYwMSUyRmJvdG9uLXBsYW50YS1kb2NlbnRlMi5wbmclMjclMjIlMjBhbHQlM0QlMjIlMjIlMjB3aWR0aCUzRCUyMjc1JTI1JTIyJTIwJTJGJTNFJTBBJTIwJTIwJTIwJTIwJTNDJTJGYSUzRQ==[\/vc_raw_html][vc_raw_html]JTNDYSUyMGhyZWYlM0QlMjJodHRwJTNBJTJGJTJGY29sZWdpb3Nhbm1hcmNlbG8uY29tLmFyJTJGZXNwJTJGY29udGludWlkYWQtcGVkYWdvZ2ljYS1zZWN1bmRhcmlvJTJGJTIyJTNFJTBBJTIwJTIwJTIwJTIwJTIwJTIwJTIwJTIwJTNDaW1nJTIwY2xhc3MlM0QlMjJhbGlnbmNlbnRlciUyMiUyMHNyYyUzRCUyMmh0dHAlM0ElMkYlMkZjb2xlZ2lvc2FubWFyY2Vsby5jb20uYXIlMkZlc3AlMkZ3cC1jb250ZW50JTJGdXBsb2FkcyUyRjIwMjAlMkYwMiUyRmJvdG9uLWNhbXB1cy12aXJ0LnBuZyUyMiUyMCUyMG9ubW91c2VvdmVyJTNEJTIydGhpcy5zcmMlM0QlMjdodHRwJTNBJTJGJTJGY29sZWdpb3Nhbm1hcmNlbG8uY29tLmFyJTJGZXNwJTJGd3AtY29udGVudCUyRnVwbG9hZHMlMkYyMDIwJTJGMDIlMkZib3Rvbi1jYW1wdXMtdmlydDIucG5nJTI3JTNCJTIyJTIwb25tb3VzZW91dCUzRCUyMnRoaXMuc3JjJTNEJTI3aHR0cCUzQSUyRiUyRmNvbGVnaW9zYW5tYXJjZWxvLmNvbS5hciUyRmVzcCUyRndwLWNvbnRlbnQlMkZ1cGxvYWRzJTJGMjAyMCUyRjAyJTJGYm90b24tY2FtcHVzLXZpcnQucG5nJTI3JTIyJTIwYWx0JTNEJTIyJTIyJTIwd2lkdGglM0QlMjI3NSUyNSUyMiUyMCUyRiUzRSUwQSUyMCUyMCUyMCUyMCUzQyUyRmElM0U=[\/vc_raw_html][vc_raw_html]JTNDYSUyMGhyZWYlM0QlMjJodHRwJTNBJTJGJTJGY29sZWdpb3Nhbm1hcmNlbG8uY29tLmFyJTJGcHJvZ3JhbWFzJTJGJTIyJTNFJTBBJTIwJTIwJTIwJTIwJTIwJTIwJTIwJTIwJTNDaW1nJTIwY2xhc3MlM0QlMjJhbGlnbmNlbnRlciUyMiUyMHNyYyUzRCUyMmh0dHAlM0ElMkYlMkZjb2xlZ2lvc2FubWFyY2Vsby5jb20uYXIlMkZlc3AlMkZ3cC1jb250ZW50JTJGdXBsb2FkcyUyRjIwMjAlMkYwMSUyRmJvdG9uLXByb2dyYW1hMi5wbmclMjIlMjAlMjBvbm1vdXNlb3ZlciUzRCUyMnRoaXMuc3JjJTNEJTI3aHR0cCUzQSUyRiUyRmNvbGVnaW9zYW5tYXJjZWxvLmNvbS5hciUyRmVzcCUyRndwLWNvbnRlbnQlMkZ1cGxvYWRzJTJGMjAyMCUyRjAxJTJGYm90b24tcHJvZ3JhbWEyYi5wbmclMjclM0IlMjIlMjBvbm1vdXNlb3V0JTNEJTIydGhpcy5zcmMlM0QlMjdodHRwJTNBJTJGJTJGY29sZWdpb3Nhbm1hcmNlbG8uY29tLmFyJTJGZXNwJTJGd3AtY29udGVudCUyRnVwbG9hZHMlMkYyMDIwJTJGMDElMkZib3Rvbi1wcm9ncmFtYTIucG5nJTI3JTIyJTIwYWx0JTNEJTIyJTIyJTIwd2lkdGglM0QlMjI3NSUyNSUyMiUyMCUyRiUzRSUwQSUyMCUyMCUyMCUyMCUzQyUyRmElM0U=[\/vc_raw_html][vc_raw_html]JTNDYSUyMGhyZWYlM0QlMjIlMjNjb250YWN0byUyMiUzRSUwQSUyMCUyMCUyMCUyMCUyMCUyMCUyMCUyMCUzQ2ltZyUyMGNsYXNzJTNEJTIyYWxpZ25jZW50ZXIlMjIlMjBzcmMlM0QlMjJodHRwJTNBJTJGJTJGY29sZWdpb3Nhbm1hcmNlbG8uY29tLmFyJTJGZXNwJTJGd3AtY29udGVudCUyRnVwbG9hZHMlMkYyMDIwJTJGMDElMkZib3Rvbi1jb250YWN0bzIucG5nJTIyJTIwJTIwb25tb3VzZW92ZXIlM0QlMjJ0aGlzLnNyYyUzRCUyN2h0dHAlM0ElMkYlMkZjb2xlZ2lvc2FubWFyY2Vsby5jb20uYXIlMkZlc3AlMkZ3cC1jb250ZW50JTJGdXBsb2FkcyUyRjIwMjAlMkYwMSUyRmJvdG9uLWNvbnRhY3RvMkIucG5nJTI3JTNCJTIyJTIwb25tb3VzZW91dCUzRCUyMnRoaXMuc3JjJTNEJTI3aHR0cCUzQSUyRiUyRmNvbGVnaW9zYW5tYXJjZWxvLmNvbS5hciUyRmVzcCUyRndwLWNvbnRlbnQlMkZ1cGxvYWRzJTJGMjAyMCUyRjAxJTJGYm90b24tY29udGFjdG8yLnBuZyUyNyUyMiUyMGFsdCUzRCUyMiUyMiUyMHdpZHRoJTNEJTIyNzUlMjUlMjIlMjAlMkYlM0UlMEElMjAlMjAlMjAlMjAlM0MlMkZhJTNF[\/vc_raw_html][\/vc_column_inner][\/vc_row_inner][\/vc_column][vc_column width=&#8221;3\/4&#8243; css=&#8221;.vc_custom_1574872035641{padding-top: -20px !important;padding-bottom: -20px !important;}&#8221;][vc_row_inner css=&#8221;.vc_custom_1577380327331{margin-top: 50px !important;}&#8221;][vc_column_inner][vc_basic_grid post_type=&#8221;post&#8221; max_items=&#8221;4&#8243; element_width=&#8221;3&#8243; grid_id=&#8221;vc_gid:1650885776692-841a61d6-6068-4&#8243; taxonomies=&#8221;20&#8243;][\/vc_column_inner][\/vc_row_inner][vc_btn title=&#8221;Ver todas las noticias del nivel&#8221; style=&#8221;3d&#8221; color=&#8221;sky&#8221; align=&#8221;center&#8221; link=&#8221;url:http%3A%2F%2Fcolegiosanmarcelo.com.ar%2Fesp%2Fnovedades-nivel-secundario%2F|title:novedades%20nivel%20secundario||&#8221;][\/vc_column][vc_column][\/vc_column][\/vc_row][vc_row full_width=&#8221;stretch_row_content&#8221; css=&#8221;.vc_custom_1575484190944{background-image: url(http:\/\/colegiosanmarcelo.com.ar\/esp\/wp-content\/uploads\/2019\/11\/dientes.png?id=357) !important;background-position: 0 0 !important;background-repeat: no-repeat !important;}&#8221;][vc_column width=&#8221;1\/6&#8243;][\/vc_column][vc_column width=&#8221;2\/3&#8243;][vc_empty_space height=&#8221;50&#8243;][vc_column_text]<\/p>\n<p style=\"text-align: center; font-size: 35px; line-height: 45px;\">En nuestro Ideario Institucional, reconocemos a la educaci\u00f3n como la tarea personal y comunitaria de colaborar en la realizaci\u00f3n de las personas, a fin de que estas puedan autoconducirse y perfeccionar su vida. Este proceso permanente se fundamenta sobre el reconocimiento de:<\/p>\n<p style=\"text-align: center; font-size: 35px; line-height: 45px;\">UN PROYECTO DE VIDA<\/p>\n<p style=\"text-align: center; font-size: 35px; line-height: 45px;\">UN PROYECTO DE CALIDAD<\/p>\n<p style=\"text-align: center; font-size: 35px; line-height: 45px;\">UN PROYECTO DE INSERCI\u00d3N<\/p>\n<p>[\/vc_column_text][vc_empty_space height=&#8221;20&#8243;][vc_row_inner][vc_column_inner width=&#8221;1\/6&#8243;][\/vc_column_inner][vc_column_inner width=&#8221;4\/6&#8243;][vc_column_text]<\/p>\n<p style=\"text-align: center;\">La estructura del nivel medio consta de un ciclo b\u00e1sico com\u00fan de 3 a\u00f1os (1ro, 2do y 3ro) y un ciclo superior orientado de 3 a\u00f1os (4to, 5to y 6to) en las siguientes orientaciones: Econom\u00eda y Administraci\u00f3n, Ciencias Naturales y Ciencias Sociales.<\/p>\n<p style=\"text-align: center;\">Se trabaja constantemente para encontrar el equilibrio entre los grandes ejes que signan nuestra tarea pedag\u00f3gica: contenci\u00f3n, exigencia acad\u00e9mica y formaci\u00f3n en valores.<\/p>\n<p>[\/vc_column_text][\/vc_column_inner][vc_column_inner width=&#8221;1\/6&#8243;][\/vc_column_inner][\/vc_row_inner][\/vc_column][vc_column width=&#8221;1\/6&#8243;][\/vc_column][\/vc_row][vc_row full_width=&#8221;stretch_row_content&#8221; css=&#8221;.vc_custom_1582300354688{padding-top: 50px !important;padding-bottom: 50px !important;background-image: url(http:\/\/colegiosanmarcelo.com.ar\/esp\/wp-content\/uploads\/2020\/02\/IMG_4386.jpg?id=752) !important;background-position: center !important;background-repeat: no-repeat !important;background-size: cover !important;}&#8221; el_id=&#8221;actividades&#8221;][vc_column width=&#8221;1\/12&#8243;][\/vc_column][vc_column width=&#8221;10\/12&#8243;][vc_row_inner][vc_column_inner width=&#8221;1\/4&#8243;][\/vc_column_inner][vc_column_inner width=&#8221;1\/4&#8243;][\/vc_column_inner][vc_column_inner width=&#8221;1\/4&#8243;][\/vc_column_inner][vc_column_inner width=&#8221;1\/4&#8243; css=&#8221;.vc_custom_1571943408257{padding-top: 20px !important;padding-right: 30px !important;padding-bottom: 20px !important;padding-left: 30px !important;background-color: rgba(255,255,255,0.93) !important;*background-color: rgb(255,255,255) !important;}&#8221;][vc_column_text]<\/p>\n<h3>ACTIVIDADES<\/h3>\n<p>[\/vc_column_text][vc_column_text]<em>La propuesta curricular oficial es enriquecida con espacios extracurriculares necesarios para las exigencias de los tiempos que corren. As\u00ed es como se incorporan: Catequesis, Computaci\u00f3n, Deporte y una carga horaria ampliada de Lengua Extranjera (Ingl\u00e9s). Del mismo modo, se han creado coordinaciones de \u00e1reas y Tutor\u00edas para responder a las diversas necesidades de nuestros j\u00f3venes.<\/em>[\/vc_column_text][\/vc_column_inner][\/vc_row_inner][\/vc_column][vc_column width=&#8221;1\/12&#8243;][\/vc_column][\/vc_row][vc_row full_width=&#8221;stretch_row_content&#8221; css=&#8221;.vc_custom_1575483389917{background-image: url(http:\/\/colegiosanmarcelo.com.ar\/esp\/wp-content\/uploads\/2019\/11\/EXTERIOR5-baja-1.jpg?id=326) !important;background-position: center !important;background-repeat: no-repeat !important;background-size: cover !important;}&#8221; el_id=&#8221;contacto&#8221;][vc_column width=&#8221;1\/6&#8243;][\/vc_column][vc_column width=&#8221;2\/3&#8243;][vc_empty_space height=&#8221;35&#8243;][vc_custom_heading text=&#8221;Contacto&#8221; font_container=&#8221;tag:h2|text_align:center|color:%23232323&#8243; google_fonts=&#8221;font_family:Roboto%3A100%2C100italic%2C300%2C300italic%2Cregular%2Citalic%2C500%2C500italic%2C700%2C700italic%2C900%2C900italic|font_style:900%20bold%20regular%3A900%3Anormal&#8221;][vc_empty_space height=&#8221;10&#8243;][vc_column_text]<\/p>\n<p style=\"text-align: center;\"><span style=\"color: #333333; font-size: 28px;\">Escribinos, visitanos o llamanos.<\/span><\/p>\n<p>[\/vc_column_text][vc_empty_space height=&#8221;10&#8243;][vc_row_inner][vc_column_inner width=&#8221;2\/3&#8243;][vc_gmaps link=&#8221;#E-8_JTNDaWZyYW1lJTIwc3JjJTNEJTIyaHR0cHMlM0ElMkYlMkZ3d3cuZ29vZ2xlLmNvbSUyRm1hcHMlMkZlbWJlZCUzRnBiJTNEJTIxMW0xOCUyMTFtMTIlMjExbTMlMjExZDI2ODQuMzU3OTkwNDM1NjM1NyUyMTJkLTU4LjYzOTAzNzg3MjI2NTg3JTIxM2QtMzQuNDk4MjgzMzc0MDU0NTQ0JTIxMm0zJTIxMWYwJTIxMmYwJTIxM2YwJTIxM20yJTIxMWkxMDI0JTIxMmk3NjglMjE0ZjEzLjElMjEzbTMlMjExbTIlMjExczB4OTViY2JiNTEzMWJiNDdhZiUyNTNBMHhhOWI1YWZjZTY0YzY4MTAyJTIxMnNDb2xlZ2lvJTI1MjBQYXJyb3F1aWFsJTI1MjBTYW4lMjUyME1hcmNlbG8lMjE1ZTAlMjEzbTIlMjExc2VzLTQxOSUyMTJzYXIlMjE0djE1NzAyMTU0MDkzOTMlMjE1bTIlMjExc2VzLTQxOSUyMTJzYXIlMjIlMjB3aWR0aCUzRCUyMjYwMCUyMiUyMGhlaWdodCUzRCUyMjQ1MCUyMiUyMGZyYW1lYm9yZGVyJTNEJTIyMCUyMiUyMHN0eWxlJTNEJTIyYm9yZGVyJTNBMCUzQiUyMiUyMGFsbG93ZnVsbHNjcmVlbiUzRCUyMiUyMiUzRSUzQyUyRmlmcmFtZSUzRQ==&#8221;][\/vc_column_inner][vc_column_inner width=&#8221;1\/3&#8243;]\n<div class=\"wpcf7 no-js\" id=\"wpcf7-f21-o1\" lang=\"en-US\" dir=\"ltr\">\n<div class=\"screen-reader-response\"><p role=\"status\" aria-live=\"polite\" aria-atomic=\"true\"><\/p> <ul><\/ul><\/div>\n<form action=\"\/esp\/wp-json\/wp\/v2\/pages\/267#wpcf7-f21-o1\" method=\"post\" class=\"wpcf7-form init\" aria-label=\"Contact form\" novalidate=\"novalidate\" data-status=\"init\">\n<div style=\"display: none;\">\n<input type=\"hidden\" name=\"_wpcf7\" value=\"21\" \/>\n<input type=\"hidden\" name=\"_wpcf7_version\" value=\"5.9.8\" \/>\n<input type=\"hidden\" name=\"_wpcf7_locale\" value=\"en_US\" \/>\n<input type=\"hidden\" name=\"_wpcf7_unit_tag\" value=\"wpcf7-f21-o1\" \/>\n<input type=\"hidden\" name=\"_wpcf7_container_post\" value=\"0\" \/>\n<input type=\"hidden\" name=\"_wpcf7_posted_data_hash\" value=\"\" \/>\n<input type=\"hidden\" name=\"_wpcf7cf_hidden_group_fields\" value=\"[]\" \/>\n<input type=\"hidden\" name=\"_wpcf7cf_hidden_groups\" value=\"[]\" \/>\n<input type=\"hidden\" name=\"_wpcf7cf_visible_groups\" value=\"[]\" \/>\n<input type=\"hidden\" name=\"_wpcf7cf_repeaters\" value=\"[]\" \/>\n<input type=\"hidden\" name=\"_wpcf7cf_steps\" value=\"{}\" \/>\n<input type=\"hidden\" name=\"_wpcf7cf_options\" value=\"{&quot;form_id&quot;:21,&quot;conditions&quot;:[],&quot;settings&quot;:{&quot;animation&quot;:&quot;yes&quot;,&quot;animation_intime&quot;:200,&quot;animation_outtime&quot;:200,&quot;conditions_ui&quot;:&quot;normal&quot;,&quot;notice_dismissed&quot;:false}}\" \/>\n<\/div>\n<p><span class=\"wpcf7-form-control-wrap\" data-name=\"your-name\"><input size=\"40\" maxlength=\"400\" class=\"wpcf7-form-control wpcf7-text wpcf7-validates-as-required\" aria-required=\"true\" aria-invalid=\"false\" placeholder=\"NOMBRE Y APELLIDO*\" value=\"\" type=\"text\" name=\"your-name\" \/><\/span>\n<\/p>\n<p><span class=\"wpcf7-form-control-wrap\" data-name=\"your-email\"><input size=\"40\" maxlength=\"400\" class=\"wpcf7-form-control wpcf7-email wpcf7-validates-as-required wpcf7-text wpcf7-validates-as-email\" aria-required=\"true\" aria-invalid=\"false\" placeholder=\"EMAIL*\" value=\"\" type=\"email\" name=\"your-email\" \/><\/span>\n<\/p>\n<p><span class=\"wpcf7-form-control-wrap\" data-name=\"your-subject\"><input size=\"40\" maxlength=\"400\" class=\"wpcf7-form-control wpcf7-text\" aria-invalid=\"false\" placeholder=\"ASUNTO*\" value=\"\" type=\"text\" name=\"your-subject\" \/><\/span>\n<\/p>\n<p><span class=\"wpcf7-form-control-wrap\" data-name=\"your-message\"><textarea cols=\"40\" rows=\"10\" maxlength=\"2000\" class=\"wpcf7-form-control wpcf7-textarea\" aria-invalid=\"false\" placeholder=\"MENSAJE*\" name=\"your-message\"><\/textarea><\/span>\n<\/p>\n<div id=\"cf7sr-69f8a16700ba3\" class=\"cf7sr-g-recaptcha\" data-theme=\"light\" data-type=\"image\" data-size=\"normal\" data-sitekey=\"6LcKy-MnAAAAAC8UZS-oUC5PD2YaifDATTJqI6wf\"><\/div><span class=\"wpcf7-form-control-wrap cf7sr-recaptcha\" data-name=\"cf7sr-recaptcha\"><input type=\"hidden\" name=\"cf7sr-recaptcha\" value=\"\" class=\"wpcf7-form-control\"><\/span>\n<\/p>\n<p><input class=\"wpcf7-form-control wpcf7-submit has-spinner\" type=\"submit\" value=\"ENVIAR\" \/>\n<\/p><div class=\"wpcf7-response-output\" aria-hidden=\"true\"><\/div>\n<\/form>\n<\/div>\n[\/vc_column_inner][\/vc_row_inner][vc_empty_space height=&#8221;35&#8243;][\/vc_column][vc_column width=&#8221;1\/6&#8243;][\/vc_column][\/vc_row][vc_row css=&#8221;.vc_custom_1573582200546{background-color: #21aad3 !important;}&#8221;][vc_column width=&#8221;1\/6&#8243;][\/vc_column][vc_column width=&#8221;2\/3&#8243;][vc_empty_space height=&#8221;15&#8243;][vc_row_inner][vc_column_inner el_class=&#8221;horario&#8221; width=&#8221;1\/4&#8243;][vc_column_text]<\/p>\n<h3><span style=\"color: #ffffff;\">Nivel Inicial<\/span><\/h3>\n<p><span style=\"color: #ffffff;\">TM Jard\u00edn: 7.40 a 12.05 horas<\/span><br \/>\n<span style=\"color: #ffffff;\">TT Jard\u00edn: 12.40 a 17.05 horas<\/span><br \/>\n<span style=\"color: #ffffff;\">TM Maternal: 7.45 a 12.00 hs<\/span><br \/>\n<span style=\"color: #ffffff;\">TT Maternal: 12.45 a 17.00 hs<\/span><\/p>\n<p><span style=\"color: #ffffff;\">jardinsanmarcelo@hotmail.com<\/span>[\/vc_column_text][\/vc_column_inner][vc_column_inner width=&#8221;1\/4&#8243;][vc_column_text]<\/p>\n<h3><span style=\"color: #ffffff;\">Nivel Primario<\/span><\/h3>\n<p><span style=\"color: #ffffff;\">Turno ma\u00f1ana: 7.40 hs a 12.20 hs.<\/span><br \/>\n<span style=\"color: #ffffff;\">Turno tarde: 12.45 hs. a 17.15 hs<\/span><\/p>\n<p><span style=\"color: #ffffff;\">Se permitir\u00e1 el ingreso de los alumnos a partir de las 7.25 hs (TM) y 12.30 hs. (TT) respectivamente con presencia del docente a cargo.<\/span><\/p>\n<p><span style=\"color: #ffffff;\">sanmarceloprimaria@gmail.com<\/span>[\/vc_column_text][\/vc_column_inner][vc_column_inner width=&#8221;1\/4&#8243;][vc_column_text]<\/p>\n<h3><span style=\"color: #ffffff;\">Nivel Secundario<\/span><\/h3>\n<p><span style=\"color: #ffffff;\">Turno ma\u00f1ana<\/span><br \/>\n<span style=\"color: #ffffff;\">Entrada: 7.35 hs<\/span><br \/>\n<span style=\"color: #ffffff;\">Salida: 12:05 hs \/ 13:30 hs \/ 14:30 hs<\/span><\/p>\n<p><span style=\"color: #ffffff;\">nivelsecundario@colegiosanmarcelo.com.ar<\/span>[\/vc_column_text][\/vc_column_inner][vc_column_inner width=&#8221;1\/4&#8243;][vc_column_text][\/vc_column_text][\/vc_column_inner][\/vc_row_inner][\/vc_column][vc_column width=&#8221;1\/6&#8243;][\/vc_column][\/vc_row][vc_row full_width=&#8221;stretch_row_content&#8221; css=&#8221;.vc_custom_1570821174783{background-image: url(http:\/\/colegiosanmarcelo.com.ar\/esp\/wp-content\/uploads\/2019\/10\/bg-header-01-2.jpg?id=101) !important;background-position: center !important;background-repeat: no-repeat !important;background-size: cover !important;}&#8221; el_id=&#8221;pieConDatos&#8221;][vc_column][vc_column_text]<\/p>\n<p style=\"text-align: center;\"><span style=\"color: #ffffff;\">Av. Alvear 746 &#8211; Don Torcuato &#8211; Provincia de Buenos Aires<\/span><br \/>\n<span style=\"color: #ffffff;\">Tel\u00e9fonos: 4513-2477\/ 4513-2478 \/4513-2479<\/span><\/p>\n<p>[\/vc_column_text][\/vc_column][\/vc_row][vc_row][vc_column][\/vc_column][\/vc_row]<\/p>\n","protected":false},"excerpt":{"rendered":"<p>[vc_row full_width=&#8221;stretch_row_content_no_spaces&#8221;][vc_column][vc_column_text][\/vc_column_text][vc_empty_space][\/vc_column][\/vc_row][vc_row full_width=&#8221;stretch_row_content_no_spaces&#8221; css=&#8221;.vc_custom_1574871999519{margin-top: -40px !important;padding-top: -20px !important;padding-bottom: -20px !important;background-color: #f6f5f0 !important;}&#8221;][vc_column width=&#8221;1\/4&#8243;][vc_row_inner css=&#8221;.vc_custom_1577384450537{margin-top: 45px !important;}&#8221;][vc_column_inner][vc_raw_html]JTNDYSUyMGhyZWYlM0QlMjIlMjNhY3RpdmlkYWRlcyUyMiUzRSUwQSUyMCUyMCUyMCUyMCUyMCUyMCUyMCUyMCUzQ2ltZyUyMGNsYXNzJTNEJTIyYWxpZ25jZW50ZXIlMjIlMjBzcmMlM0QlMjJodHRwJTNBJTJGJTJGY29sZWdpb3Nhbm1hcmNlbG8uY29tLmFyJTJGZXNwJTJGd3AtY29udGVudCUyRnVwbG9hZHMlMkYyMDIwJTJGMDElMkZib3Rvbi1hY3RpdmlkYWRlczIucG5nJTIyJTIwJTIwb25tb3VzZW92ZXIlM0QlMjJ0aGlzLnNyYyUzRCUyN2h0dHAlM0ElMkYlMkZjb2xlZ2lvc2FubWFyY2Vsby5jb20uYXIlMkZlc3AlMkZ3cC1jb250ZW50JTJGdXBsb2FkcyUyRjIwMjAlMkYwMSUyRmJvdG9uLWFjdGl2aWRhZGVzMkIucG5nJTI3JTNCJTIyJTIwb25tb3VzZW91dCUzRCUyMnRoaXMuc3JjJTNEJTI3aHR0cCUzQSUyRiUyRmNvbGVnaW9zYW5tYXJjZWxvLmNvbS5hciUyRmVzcCUyRndwLWNvbnRlbnQlMkZ1cGxvYWRzJTJGMjAyMCUyRjAxJTJGYm90b24tYWN0aXZpZGFkZXMyLnBuZyUyNyUyMiUyMGFsdCUzRCUyMiUyMiUyMHdpZHRoJTNEJTIyNzUlMjUlMjIlMjAlMkYlM0UlMEElMjAlMjAlMjAlMjAlM0MlMkZhJTNF[\/vc_raw_html][vc_raw_html]JTNDYSUyMGhyZWYlM0QlMjJodHRwJTNBJTJGJTJGY29sZWdpb3Nhbm1hcmNlbG8uY29tLmFyJTJGZXNwJTJGZXF1aXBvLXNlY3VuZGFyaW8lMkYlMjIlM0UlMEElMjAlMjAlMjAlMjAlMjAlMjAlMjAlMjAlM0NpbWclMjBjbGFzcyUzRCUyMmFsaWduY2VudGVyJTIyJTIwc3JjJTNEJTIyaHR0cCUzQSUyRiUyRmNvbGVnaW9zYW5tYXJjZWxvLmNvbS5hciUyRmVzcCUyRndwLWNvbnRlbnQlMkZ1cGxvYWRzJTJGMjAyMCUyRjAxJTJGYm90b24tcGxhbnRhLWRvY2VudGUyLnBuZyUyMiUyMCUyMG9ubW91c2VvdmVyJTNEJTIydGhpcy5zcmMlM0QlMjdodHRwJTNBJTJGJTJGY29sZWdpb3Nhbm1hcmNlbG8uY29tLmFyJTJGZXNwJTJGd3AtY29udGVudCUyRnVwbG9hZHMlMkYyMDIwJTJGMDElMkZib3Rvbi1wbGFudGEtZG9jZW50ZTJCLnBuZyUyNyUzQiUyMiUyMG9ubW91c2VvdXQlM0QlMjJ0aGlzLnNyYyUzRCUyN2h0dHAlM0ElMkYlMkZjb2xlZ2lvc2FubWFyY2Vsby5jb20uYXIlMkZlc3AlMkZ3cC1jb250ZW50JTJGdXBsb2FkcyUyRjIwMjAlMkYwMSUyRmJvdG9uLXBsYW50YS1kb2NlbnRlMi5wbmclMjclMjIlMjBhbHQlM0QlMjIlMjIlMjB3aWR0aCUzRCUyMjc1JTI1JTIyJTIwJTJGJTNFJTBBJTIwJTIwJTIwJTIwJTNDJTJGYSUzRQ==[\/vc_raw_html][vc_raw_html]JTNDYSUyMGhyZWYlM0QlMjJodHRwJTNBJTJGJTJGY29sZWdpb3Nhbm1hcmNlbG8uY29tLmFyJTJGZXNwJTJGY29udGludWlkYWQtcGVkYWdvZ2ljYS1zZWN1bmRhcmlvJTJGJTIyJTNFJTBBJTIwJTIwJTIwJTIwJTIwJTIwJTIwJTIwJTNDaW1nJTIwY2xhc3MlM0QlMjJhbGlnbmNlbnRlciUyMiUyMHNyYyUzRCUyMmh0dHAlM0ElMkYlMkZjb2xlZ2lvc2FubWFyY2Vsby5jb20uYXIlMkZlc3AlMkZ3cC1jb250ZW50JTJGdXBsb2FkcyUyRjIwMjAlMkYwMiUyRmJvdG9uLWNhbXB1cy12aXJ0LnBuZyUyMiUyMCUyMG9ubW91c2VvdmVyJTNEJTIydGhpcy5zcmMlM0QlMjdodHRwJTNBJTJGJTJGY29sZWdpb3Nhbm1hcmNlbG8uY29tLmFyJTJGZXNwJTJGd3AtY29udGVudCUyRnVwbG9hZHMlMkYyMDIwJTJGMDIlMkZib3Rvbi1jYW1wdXMtdmlydDIucG5nJTI3JTNCJTIyJTIwb25tb3VzZW91dCUzRCUyMnRoaXMuc3JjJTNEJTI3aHR0cCUzQSUyRiUyRmNvbGVnaW9zYW5tYXJjZWxvLmNvbS5hciUyRmVzcCUyRndwLWNvbnRlbnQlMkZ1cGxvYWRzJTJGMjAyMCUyRjAyJTJGYm90b24tY2FtcHVzLXZpcnQucG5nJTI3JTIyJTIwYWx0JTNEJTIyJTIyJTIwd2lkdGglM0QlMjI3NSUyNSUyMiUyMCUyRiUzRSUwQSUyMCUyMCUyMCUyMCUzQyUyRmElM0U=[\/vc_raw_html][vc_raw_html]JTNDYSUyMGhyZWYlM0QlMjJodHRwJTNBJTJGJTJGY29sZWdpb3Nhbm1hcmNlbG8uY29tLmFyJTJGcHJvZ3JhbWFzJTJGJTIyJTNFJTBBJTIwJTIwJTIwJTIwJTIwJTIwJTIwJTIwJTNDaW1nJTIwY2xhc3MlM0QlMjJhbGlnbmNlbnRlciUyMiUyMHNyYyUzRCUyMmh0dHAlM0ElMkYlMkZjb2xlZ2lvc2FubWFyY2Vsby5jb20uYXIlMkZlc3AlMkZ3cC1jb250ZW50JTJGdXBsb2FkcyUyRjIwMjAlMkYwMSUyRmJvdG9uLXByb2dyYW1hMi5wbmclMjIlMjAlMjBvbm1vdXNlb3ZlciUzRCUyMnRoaXMuc3JjJTNEJTI3aHR0cCUzQSUyRiUyRmNvbGVnaW9zYW5tYXJjZWxvLmNvbS5hciUyRmVzcCUyRndwLWNvbnRlbnQlMkZ1cGxvYWRzJTJGMjAyMCUyRjAxJTJGYm90b24tcHJvZ3JhbWEyYi5wbmclMjclM0IlMjIlMjBvbm1vdXNlb3V0JTNEJTIydGhpcy5zcmMlM0QlMjdodHRwJTNBJTJGJTJGY29sZWdpb3Nhbm1hcmNlbG8uY29tLmFyJTJGZXNwJTJGd3AtY29udGVudCUyRnVwbG9hZHMlMkYyMDIwJTJGMDElMkZib3Rvbi1wcm9ncmFtYTIucG5nJTI3JTIyJTIwYWx0JTNEJTIyJTIyJTIwd2lkdGglM0QlMjI3NSUyNSUyMiUyMCUyRiUzRSUwQSUyMCUyMCUyMCUyMCUzQyUyRmElM0U=[\/vc_raw_html][vc_raw_html]JTNDYSUyMGhyZWYlM0QlMjIlMjNjb250YWN0byUyMiUzRSUwQSUyMCUyMCUyMCUyMCUyMCUyMCUyMCUyMCUzQ2ltZyUyMGNsYXNzJTNEJTIyYWxpZ25jZW50ZXIlMjIlMjBzcmMlM0QlMjJodHRwJTNBJTJGJTJGY29sZWdpb3Nhbm1hcmNlbG8uY29tLmFyJTJGZXNwJTJGd3AtY29udGVudCUyRnVwbG9hZHMlMkYyMDIwJTJGMDElMkZib3Rvbi1jb250YWN0bzIucG5nJTIyJTIwJTIwb25tb3VzZW92ZXIlM0QlMjJ0aGlzLnNyYyUzRCUyN2h0dHAlM0ElMkYlMkZjb2xlZ2lvc2FubWFyY2Vsby5jb20uYXIlMkZlc3AlMkZ3cC1jb250ZW50JTJGdXBsb2FkcyUyRjIwMjAlMkYwMSUyRmJvdG9uLWNvbnRhY3RvMkIucG5nJTI3JTNCJTIyJTIwb25tb3VzZW91dCUzRCUyMnRoaXMuc3JjJTNEJTI3aHR0cCUzQSUyRiUyRmNvbGVnaW9zYW5tYXJjZWxvLmNvbS5hciUyRmVzcCUyRndwLWNvbnRlbnQlMkZ1cGxvYWRzJTJGMjAyMCUyRjAxJTJGYm90b24tY29udGFjdG8yLnBuZyUyNyUyMiUyMGFsdCUzRCUyMiUyMiUyMHdpZHRoJTNEJTIyNzUlMjUlMjIlMjAlMkYlM0UlMEElMjAlMjAlMjAlMjAlM0MlMkZhJTNF[\/vc_raw_html][\/vc_column_inner][\/vc_row_inner][\/vc_column][vc_column width=&#8221;3\/4&#8243; css=&#8221;.vc_custom_1574872035641{padding-top: -20px !important;padding-bottom: -20px !important;}&#8221;][vc_row_inner css=&#8221;.vc_custom_1577380327331{margin-top: 50px !important;}&#8221;][vc_column_inner][vc_basic_grid post_type=&#8221;post&#8221; max_items=&#8221;4&#8243; element_width=&#8221;3&#8243; grid_id=&#8221;vc_gid:1650885776692-841a61d6-6068-4&#8243; taxonomies=&#8221;20&#8243;][\/vc_column_inner][\/vc_row_inner][vc_btn title=&#8221;Ver todas las noticias del nivel&#8221; style=&#8221;3d&#8221; color=&#8221;sky&#8221; align=&#8221;center&#8221; link=&#8221;url:http%3A%2F%2Fcolegiosanmarcelo.com.ar%2Fesp%2Fnovedades-nivel-secundario%2F|title:novedades%20nivel%20secundario||&#8221;][\/vc_column][vc_column][\/vc_column][\/vc_row][vc_row full_width=&#8221;stretch_row_content&#8221; css=&#8221;.vc_custom_1575484190944{background-image: url(http:\/\/colegiosanmarcelo.com.ar\/esp\/wp-content\/uploads\/2019\/11\/dientes.png?id=357) !important;background-position: 0 0 !important;background-repeat: no-repeat !important;}&#8221;][vc_column width=&#8221;1\/6&#8243;][\/vc_column][vc_column width=&#8221;2\/3&#8243;][vc_empty_space height=&#8221;50&#8243;][vc_column_text] En nuestro Ideario [&hellip;]<\/p>\n","protected":false},"author":1,"featured_media":0,"parent":0,"menu_order":0,"comment_status":"closed","ping_status":"closed","template":"page-full-width.php","meta":{"pgc_meta":"","footnotes":""},"pgc_meta":"","_links":{"self":[{"href":"http:\/\/colegiosanmarcelo.com.ar\/esp\/wp-json\/wp\/v2\/pages\/267"}],"collection":[{"href":"http:\/\/colegiosanmarcelo.com.ar\/esp\/wp-json\/wp\/v2\/pages"}],"about":[{"href":"http:\/\/colegiosanmarcelo.com.ar\/esp\/wp-json\/wp\/v2\/types\/page"}],"author":[{"embeddable":true,"href":"http:\/\/colegiosanmarcelo.com.ar\/esp\/wp-json\/wp\/v2\/users\/1"}],"replies":[{"embeddable":true,"href":"http:\/\/colegiosanmarcelo.com.ar\/esp\/wp-json\/wp\/v2\/comments?post=267"}],"version-history":[{"count":79,"href":"http:\/\/colegiosanmarcelo.com.ar\/esp\/wp-json\/wp\/v2\/pages\/267\/revisions"}],"predecessor-version":[{"id":3785,"href":"http:\/\/colegiosanmarcelo.com.ar\/esp\/wp-json\/wp\/v2\/pages\/267\/revisions\/3785"}],"wp:attachment":[{"href":"http:\/\/colegiosanmarcelo.com.ar\/esp\/wp-json\/wp\/v2\/media?parent=267"}],"curies":[{"name":"wp","href":"https:\/\/api.w.org\/{rel}","templated":true}]}}